{"id":2718,"date":"2021-06-25T12:01:13","date_gmt":"2021-06-25T11:01:13","guid":{"rendered":"https:\/\/claudiovignoli.com\/?page_id=2718"},"modified":"2021-07-22T10:55:02","modified_gmt":"2021-07-22T09:55:02","slug":"ayudamos-exportar-producto","status":"publish","type":"page","link":"https:\/\/claudiovignoli.com\/es\/asesoramiento-comercial-productores-aceite-oliva\/ayudamos-exportar-producto\/","title":{"rendered":"Te ayudamos a exportar tu producto &#8211; asesoramiento comercial para productores de aceite de oliva"},"content":{"rendered":"[vc_row type=\u00bbin_container\u00bb full_screen_row_position=\u00bbmiddle\u00bb column_margin=\u00bbdefault\u00bb column_direction=\u00bbdefault\u00bb column_direction_tablet=\u00bbdefault\u00bb column_direction_phone=\u00bbdefault\u00bb scene_position=\u00bbcenter\u00bb text_color=\u00bbdark\u00bb text_align=\u00bbleft\u00bb row_border_radius=\u00bbnone\u00bb row_border_radius_applies=\u00bbbg\u00bb overlay_strength=\u00bb0.3&#8243; gradient_direction=\u00bbleft_to_right\u00bb shape_divider_position=\u00bbbottom\u00bb bg_image_animation=\u00bbnone\u00bb][vc_column column_padding=\u00bbno-extra-padding\u00bb column_padding_tablet=\u00bbinherit\u00bb column_padding_phone=\u00bbinherit\u00bb column_padding_position=\u00bball\u00bb background_color_opacity=\u00bb1&#8243; background_hover_color_opacity=\u00bb1&#8243; column_shadow=\u00bbnone\u00bb column_border_radius=\u00bbnone\u00bb column_link_target=\u00bb_self\u00bb gradient_direction=\u00bbleft_to_right\u00bb overlay_strength=\u00bb0.3&#8243; width=\u00bb1\/2&#8243; tablet_width_inherit=\u00bbdefault\u00bb tablet_text_alignment=\u00bbdefault\u00bb phone_text_alignment=\u00bbdefault\u00bb column_border_width=\u00bbnone\u00bb column_border_style=\u00bbsolid\u00bb bg_image_animation=\u00bbnone\u00bb][vc_column_text]\n<h2 style=\"text-align: left;\">Te ayudamos a exportar tu producto<\/h2>\n[\/vc_column_text][vc_column_text]Si has llegado hasta aqu\u00ed te recomiendo dedicar 5 minutos de tu tiempo para leer lo que tengo que decirte. Cr\u00e9eme, lo que voy a contarte ahora ser\u00e1 determinante para el \u00e9xito de tu empresa. Todos los emprendedores y productores de aceite que he conocido a lo largo de casi 30 a\u00f1os de actividad est\u00e1n convencidos de que la calidad del producto, por s\u00ed sola, es suficiente para vender, recuperar las inversiones y aumentar las ganancias.\u00a0\u00a0Sin embargo, te puedo garantizar que participar en las ferias comerciales, tener un sitio web bonito, un aceite de excelente calidad, una botella elegante y una etiqueta atractiva es solo la l\u00ednea de partida de un camino largo, lleno de obst\u00e1culos y, sobre todo, costoso en cuanto a tiempo, energ\u00edas y dinero. Tampoco tus premios o reconocimientos te garantizar\u00e1n el \u00e9xito ni la permanencia estable en un mercado altamente competitivo como el del aceite de oliva.\u00a0\u00a0Muchas personas me preguntan c\u00f3mo puedo ayudarlos a vender su aceite, qu\u00e9 puedo hacer, en concreto, para ayudarlos a potenciar y expandir su negocio a nivel internacional y consolidarse en los mercados m\u00e1s codiciados y rentables.\u00a0\u00a0Yo no tengo una varita m\u00e1gica, pero puedo poner a disposici\u00f3n de emprendedores como t\u00fa mis amplios conocimientos de las din\u00e1micas comerciales y los canales de venta m\u00e1s adecuados para que tu negocio tenga un alcance internacional. Recuerda siempre que es imposible lograr el \u00e9xito si trabajas de forma individual utilizando solo los recursos disponibles de tu empresa.[\/vc_column_text][\/vc_column][vc_column column_padding=\u00bbno-extra-padding\u00bb column_padding_tablet=\u00bbinherit\u00bb column_padding_phone=\u00bbinherit\u00bb column_padding_position=\u00bball\u00bb background_color_opacity=\u00bb1&#8243; background_hover_color_opacity=\u00bb1&#8243; column_shadow=\u00bbnone\u00bb column_border_radius=\u00bbnone\u00bb column_link_target=\u00bb_self\u00bb gradient_direction=\u00bbleft_to_right\u00bb overlay_strength=\u00bb0.3&#8243; width=\u00bb1\/2&#8243; tablet_width_inherit=\u00bbdefault\u00bb tablet_text_alignment=\u00bbdefault\u00bb phone_text_alignment=\u00bbdefault\u00bb column_border_width=\u00bbnone\u00bb column_border_style=\u00bbsolid\u00bb bg_image_animation=\u00bbnone\u00bb][image_with_animation image_url=\u00bb740&#8243; animation=\u00bbFade In\u00bb hover_animation=\u00bbnone\u00bb alignment=\u00bb\u00bb border_radius=\u00bbnone\u00bb box_shadow=\u00bbnone\u00bb image_loading=\u00bbdefault\u00bb max_width=\u00bb100%\u00bb max_width_mobile=\u00bbdefault\u00bb][\/vc_column][\/vc_row][vc_row type=\u00bbin_container\u00bb full_screen_row_position=\u00bbmiddle\u00bb column_margin=\u00bbdefault\u00bb column_direction=\u00bbdefault\u00bb column_direction_tablet=\u00bbdefault\u00bb column_direction_phone=\u00bbdefault\u00bb scene_position=\u00bbcenter\u00bb text_color=\u00bbdark\u00bb text_align=\u00bbleft\u00bb row_border_radius=\u00bbnone\u00bb row_border_radius_applies=\u00bbbg\u00bb overlay_strength=\u00bb0.3&#8243; gradient_direction=\u00bbleft_to_right\u00bb shape_divider_position=\u00bbbottom\u00bb bg_image_animation=\u00bbnone\u00bb][vc_column column_padding=\u00bbno-extra-padding\u00bb column_padding_tablet=\u00bbinherit\u00bb column_padding_phone=\u00bbinherit\u00bb column_padding_position=\u00bball\u00bb background_color_opacity=\u00bb1&#8243; background_hover_color_opacity=\u00bb1&#8243; column_shadow=\u00bbnone\u00bb column_border_radius=\u00bbnone\u00bb column_link_target=\u00bb_self\u00bb gradient_direction=\u00bbleft_to_right\u00bb overlay_strength=\u00bb0.3&#8243; width=\u00bb1\/2&#8243; tablet_width_inherit=\u00bbdefault\u00bb tablet_text_alignment=\u00bbdefault\u00bb phone_text_alignment=\u00bbdefault\u00bb column_border_width=\u00bbnone\u00bb column_border_style=\u00bbsolid\u00bb bg_image_animation=\u00bbnone\u00bb][vc_column_text]Y es que antes de llegar al cliente final tienes que recorrer un camino muy largo que est\u00e1 condicionado por una gran cantidad de variables y en el que encontrar\u00e1s muchos obst\u00e1culos que deber\u00e1s superar, incluyendo los tr\u00e1mites burocr\u00e1ticos y las distintas normas.\u00a0Entonces, \u00bfqu\u00e9 puedes hacer?\u00a0\u00a0Si quieres evitar el riesgo de gastar miles de euros o volver de las tan costosas (y a veces in\u00fatiles) ferias solo con una colecci\u00f3n de tarjetas de visita (que desde ya te digo que en muy pocas ocasiones se convertir\u00e1n en oportunidades reales de negocios y retorno econ\u00f3mico), la soluci\u00f3n es dejar de ir a ciegas y comenzar a confiar en un experto conocedor del mercado.\u00a0Mi equipo y yo te ofrecemos servicios de asesoramiento comercial personalizado para ayudarte a concretizar de forma eficaz y espec\u00edfica los esfuerzos econ\u00f3micos que ya has realizado y los que har\u00e1s a partir de ahora.\u00a0Hace a\u00f1os que me ocupo de marketing y distribuci\u00f3n de aceite de oliva, a granel y envasado, en algunos de los principales mercados mundiales, como Estados Unidos, Canad\u00e1, Am\u00e9rica Central y del Sur y el Sudeste Asi\u00e1tico. Vender en estos mercados presenta muchas dificultades y requiere una organizaci\u00f3n atenta.[\/vc_column_text][\/vc_column][vc_column column_padding=\u00bbno-extra-padding\u00bb column_padding_tablet=\u00bbinherit\u00bb column_padding_phone=\u00bbinherit\u00bb column_padding_position=\u00bball\u00bb background_color_opacity=\u00bb1&#8243; background_hover_color_opacity=\u00bb1&#8243; column_shadow=\u00bbnone\u00bb column_border_radius=\u00bbnone\u00bb column_link_target=\u00bb_self\u00bb gradient_direction=\u00bbleft_to_right\u00bb overlay_strength=\u00bb0.3&#8243; width=\u00bb1\/2&#8243; tablet_width_inherit=\u00bbdefault\u00bb tablet_text_alignment=\u00bbdefault\u00bb phone_text_alignment=\u00bbdefault\u00bb column_border_width=\u00bbnone\u00bb column_border_style=\u00bbsolid\u00bb bg_image_animation=\u00bbnone\u00bb][vc_column_text]Si, por ejemplo, quieres vender tu aceite en los Estados Unidos, tendr\u00e1s ante ti dos caminos: el primero es utilizar todos tus recursos econ\u00f3micos (con el riesgo de que este esfuerzo se convierta en una p\u00e9rdida de tiempo y dinero) y el segundo es ir a lo seguro (optimizando costos y tiempo) y confiar en CV Group. Nosotros nos encargaremos de representarte de la mejor manera, ya que trabajamos en Estados Unidos desde hace a\u00f1os, contamos con una cartera de clientes consolidada, sabemos c\u00f3mo movernos con respecto a las leyes y los tr\u00e1mites burocr\u00e1ticos, y conocemos los aspectos t\u00e9cnicos, las din\u00e1micas comerciales y las negociaciones econ\u00f3micas.[\/vc_column_text][\/vc_column][\/vc_row][vc_row type=\u00bbfull_width_background\u00bb full_screen_row_position=\u00bbmiddle\u00bb column_margin=\u00bbdefault\u00bb column_direction=\u00bbdefault\u00bb column_direction_tablet=\u00bbdefault\u00bb column_direction_phone=\u00bbdefault\u00bb bg_image=\u00bb328&#8243; bg_position=\u00bbcenter top\u00bb bg_repeat=\u00bbno-repeat\u00bb scene_position=\u00bbcenter\u00bb text_color=\u00bbdark\u00bb text_align=\u00bbleft\u00bb row_border_radius=\u00bbnone\u00bb row_border_radius_applies=\u00bbbg\u00bb overlay_strength=\u00bb0.3&#8243; gradient_direction=\u00bbleft_to_right\u00bb shape_divider_position=\u00bbbottom\u00bb bg_image_animation=\u00bbnone\u00bb shape_type=\u00bb\u00bb][vc_column column_padding=\u00bbno-extra-padding\u00bb column_padding_tablet=\u00bbinherit\u00bb column_padding_phone=\u00bbinherit\u00bb column_padding_position=\u00bball\u00bb background_color_opacity=\u00bb1&#8243; background_hover_color_opacity=\u00bb1&#8243; column_shadow=\u00bbnone\u00bb column_border_radius=\u00bbnone\u00bb column_link_target=\u00bb_self\u00bb gradient_direction=\u00bbleft_to_right\u00bb overlay_strength=\u00bb0.3&#8243; width=\u00bb1\/4&#8243; tablet_width_inherit=\u00bbdefault\u00bb tablet_text_alignment=\u00bbdefault\u00bb phone_text_alignment=\u00bbdefault\u00bb column_border_width=\u00bbnone\u00bb column_border_style=\u00bbsolid\u00bb bg_image_animation=\u00bbnone\u00bb offset=\u00bbvc_hidden-xs\u00bb][\/vc_column][vc_column column_padding=\u00bbno-extra-padding\u00bb column_padding_tablet=\u00bbinherit\u00bb column_padding_phone=\u00bbinherit\u00bb column_padding_position=\u00bball\u00bb centered_text=\u00bbtrue\u00bb background_color_opacity=\u00bb1&#8243; background_hover_color_opacity=\u00bb1&#8243; column_shadow=\u00bbnone\u00bb column_border_radius=\u00bbnone\u00bb column_link_target=\u00bb_self\u00bb gradient_direction=\u00bbleft_to_right\u00bb overlay_strength=\u00bb0.3&#8243; width=\u00bb1\/2&#8243; tablet_width_inherit=\u00bbdefault\u00bb tablet_text_alignment=\u00bbdefault\u00bb phone_text_alignment=\u00bbdefault\u00bb column_border_width=\u00bbnone\u00bb column_border_style=\u00bbsolid\u00bb bg_image_animation=\u00bbnone\u00bb offset=\u00bbvc_hidden-xs\u00bb][divider line_type=\u00bbNo Line\u00bb custom_height=\u00bb100&#8243; custom_height_tablet=\u00bb50&#8243; custom_height_phone=\u00bb0&#8243;][vc_column_text]\n<h1 style=\"text-align: center;\">Quieres incrementar tus ventas?<\/h1>\n[\/vc_column_text][vc_column_text]\n<h3 style=\"text-align: center;\"><span style=\"color: #557d1f;\">Empieza ahora!<\/span><\/h3>\n[\/vc_column_text][divider line_type=\u00bbNo Line\u00bb custom_height=\u00bb20&#8243; custom_height_tablet=\u00bb20&#8243; custom_height_phone=\u00bb20&#8243;][nectar_btn size=\u00bbjumbo\u00bb button_style=\u00bbregular\u00bb button_color_2=\u00bbAccent-Color\u00bb icon_family=\u00bbnone\u00bb text=\u00bbCONT\u00c1CTENOS\u00bb url=\u00bb\/es\/contactos\/\u00bb][divider line_type=\u00bbNo Line\u00bb custom_height=\u00bb180&#8243; custom_height_tablet=\u00bb80&#8243; custom_height_phone=\u00bb50&#8243;][\/vc_column][vc_column column_padding=\u00bbno-extra-padding\u00bb column_padding_tablet=\u00bbinherit\u00bb column_padding_phone=\u00bbinherit\u00bb column_padding_position=\u00bball\u00bb background_color_opacity=\u00bb1&#8243; background_hover_color_opacity=\u00bb1&#8243; column_shadow=\u00bbnone\u00bb column_border_radius=\u00bbnone\u00bb column_link_target=\u00bb_self\u00bb gradient_direction=\u00bbleft_to_right\u00bb overlay_strength=\u00bb0.3&#8243; width=\u00bb1\/4&#8243; tablet_width_inherit=\u00bbdefault\u00bb tablet_text_alignment=\u00bbdefault\u00bb phone_text_alignment=\u00bbdefault\u00bb column_border_width=\u00bbnone\u00bb column_border_style=\u00bbsolid\u00bb bg_image_animation=\u00bbnone\u00bb offset=\u00bbvc_hidden-xs\u00bb][\/vc_column][\/vc_row][vc_row type=\u00bbfull_width_background\u00bb full_screen_row_position=\u00bbmiddle\u00bb column_margin=\u00bbdefault\u00bb column_direction=\u00bbdefault\u00bb column_direction_tablet=\u00bbdefault\u00bb column_direction_phone=\u00bbdefault\u00bb bg_image=\u00bb328&#8243; bg_position=\u00bbright center\u00bb bg_repeat=\u00bbno-repeat\u00bb scene_position=\u00bbcenter\u00bb text_color=\u00bbdark\u00bb text_align=\u00bbleft\u00bb row_border_radius=\u00bbnone\u00bb row_border_radius_applies=\u00bbbg\u00bb overlay_strength=\u00bb0.3&#8243; gradient_direction=\u00bbleft_to_right\u00bb shape_divider_position=\u00bbbottom\u00bb bg_image_animation=\u00bbnone\u00bb shape_type=\u00bb\u00bb][vc_column column_padding=\u00bbno-extra-padding\u00bb column_padding_tablet=\u00bbinherit\u00bb column_padding_phone=\u00bbinherit\u00bb column_padding_position=\u00bball\u00bb background_color_opacity=\u00bb1&#8243; background_hover_color_opacity=\u00bb1&#8243; column_shadow=\u00bbnone\u00bb column_border_radius=\u00bbnone\u00bb column_link_target=\u00bb_self\u00bb gradient_direction=\u00bbleft_to_right\u00bb overlay_strength=\u00bb0.3&#8243; width=\u00bb1\/4&#8243; tablet_width_inherit=\u00bbdefault\u00bb tablet_text_alignment=\u00bbdefault\u00bb phone_text_alignment=\u00bbdefault\u00bb column_border_width=\u00bbnone\u00bb column_border_style=\u00bbsolid\u00bb bg_image_animation=\u00bbnone\u00bb][\/vc_column][vc_column column_padding=\u00bbno-extra-padding\u00bb column_padding_tablet=\u00bbinherit\u00bb column_padding_phone=\u00bbinherit\u00bb column_padding_position=\u00bball\u00bb centered_text=\u00bbtrue\u00bb background_color_opacity=\u00bb1&#8243; background_hover_color_opacity=\u00bb1&#8243; column_shadow=\u00bbnone\u00bb column_border_radius=\u00bbnone\u00bb column_link_target=\u00bb_self\u00bb gradient_direction=\u00bbleft_to_right\u00bb overlay_strength=\u00bb0.3&#8243; width=\u00bb1\/2&#8243; tablet_width_inherit=\u00bbdefault\u00bb tablet_text_alignment=\u00bbdefault\u00bb phone_text_alignment=\u00bbdefault\u00bb column_border_width=\u00bbnone\u00bb column_border_style=\u00bbsolid\u00bb bg_image_animation=\u00bbnone\u00bb offset=\u00bbvc_hidden-lg vc_hidden-md vc_hidden-sm\u00bb][divider line_type=\u00bbNo Line\u00bb custom_height=\u00bb100&#8243; custom_height_tablet=\u00bb50&#8243; custom_height_phone=\u00bb0&#8243;][vc_column_text]\n<h1 style=\"text-align: center;\">Quieres incrementar tus ventas?<\/h1>\n[\/vc_column_text][vc_column_text]\n<h3 style=\"text-align: center;\"><span style=\"color: #557d1f;\">Empieza ahora!<\/span><\/h3>\n[\/vc_column_text][divider line_type=\u00bbNo Line\u00bb custom_height=\u00bb20&#8243; custom_height_tablet=\u00bb20&#8243; custom_height_phone=\u00bb20&#8243;][nectar_btn size=\u00bbjumbo\u00bb button_style=\u00bbregular\u00bb button_color_2=\u00bbAccent-Color\u00bb icon_family=\u00bbnone\u00bb text=\u00bbCONT\u00c1CTENOS\u00bb url=\u00bb\/es\/contactos\/\u00bb][divider line_type=\u00bbNo Line\u00bb custom_height=\u00bb180&#8243; custom_height_tablet=\u00bb80&#8243; custom_height_phone=\u00bb50&#8243;][\/vc_column][vc_column column_padding=\u00bbno-extra-padding\u00bb column_padding_tablet=\u00bbinherit\u00bb column_padding_phone=\u00bbinherit\u00bb column_padding_position=\u00bball\u00bb background_color_opacity=\u00bb1&#8243; background_hover_color_opacity=\u00bb1&#8243; column_shadow=\u00bbnone\u00bb column_border_radius=\u00bbnone\u00bb column_link_target=\u00bb_self\u00bb gradient_direction=\u00bbleft_to_right\u00bb overlay_strength=\u00bb0.3&#8243; width=\u00bb1\/4&#8243; tablet_width_inherit=\u00bbdefault\u00bb tablet_text_alignment=\u00bbdefault\u00bb phone_text_alignment=\u00bbdefault\u00bb column_border_width=\u00bbnone\u00bb column_border_style=\u00bbsolid\u00bb bg_image_animation=\u00bbnone\u00bb][\/vc_column][\/vc_row]\n","protected":false},"excerpt":{"rendered":"<p>[vc_row type=\u00bbin_container\u00bb full_screen_row_position=\u00bbmiddle\u00bb column_margin=\u00bbdefault\u00bb column_direction=\u00bbdefault\u00bb column_direction_tablet=\u00bbdefault\u00bb column_direction_phone=\u00bbdefault\u00bb scene_position=\u00bbcenter\u00bb text_color=\u00bbdark\u00bb text_align=\u00bbleft\u00bb row_border_radius=\u00bbnone\u00bb row_border_radius_applies=\u00bbbg\u00bb overlay_strength=\u00bb0.3&#8243; gradient_direction=\u00bbleft_to_right\u00bb shape_divider_position=\u00bbbottom\u00bb bg_image_animation=\u00bbnone\u00bb][vc_column column_padding=\u00bbno-extra-padding\u00bb column_padding_tablet=\u00bbinherit\u00bb column_padding_phone=\u00bbinherit\u00bb column_padding_position=\u00bball\u00bb background_color_opacity=\u00bb1&#8243; background_hover_color_opacity=\u00bb1&#8243; column_shadow=\u00bbnone\u00bb column_border_radius=\u00bbnone\u00bb column_link_target=\u00bb_self\u00bb gradient_direction=\u00bbleft_to_right\u00bb overlay_strength=\u00bb0.3&#8243; width=\u00bb1\/2&#8243; tablet_width_inherit=\u00bbdefault\u00bb tablet_text_alignment=\u00bbdefault\u00bb&#8230;<\/p>\n","protected":false},"author":4,"featured_media":0,"parent":2703,"menu_order":0,"comment_status":"closed","ping_status":"closed","template":"","meta":{"content-type":""},"yoast_head":"<!-- This site is optimized with the Yoast SEO plugin v17.5 - https:\/\/yoast.com\/wordpress\/plugins\/seo\/ -->\n<title>Te ayudamos a exportar tu producto - asesoramiento comercial para productores de aceite de oliva - Claudio Vignoli<\/title>\n<meta name=\"robots\" content=\"index, follow, max-snippet:-1, max-image-preview:large, max-video-preview:-1\" \/>\n<link rel=\"canonical\" href=\"https:\/\/claudiovignoli.com\/es\/asesoramiento-comercial-productores-aceite-oliva\/ayudamos-exportar-producto\/\" \/>\n<meta property=\"og:locale\" content=\"es_ES\" \/>\n<meta property=\"og:type\" content=\"article\" \/>\n<meta property=\"og:title\" content=\"Te ayudamos a exportar tu producto - asesoramiento comercial para productores de aceite de oliva - Claudio Vignoli\" \/>\n<meta property=\"og:description\" content=\"[vc_row type=\u00bbin_container\u00bb full_screen_row_position=\u00bbmiddle\u00bb column_margin=\u00bbdefault\u00bb column_direction=\u00bbdefault\u00bb column_direction_tablet=\u00bbdefault\u00bb column_direction_phone=\u00bbdefault\u00bb scene_position=\u00bbcenter\u00bb text_color=\u00bbdark\u00bb text_align=\u00bbleft\u00bb row_border_radius=\u00bbnone\u00bb row_border_radius_applies=\u00bbbg\u00bb overlay_strength=\u00bb0.3&#8243; gradient_direction=\u00bbleft_to_right\u00bb shape_divider_position=\u00bbbottom\u00bb bg_image_animation=\u00bbnone\u00bb][vc_column column_padding=\u00bbno-extra-padding\u00bb column_padding_tablet=\u00bbinherit\u00bb column_padding_phone=\u00bbinherit\u00bb column_padding_position=\u00bball\u00bb background_color_opacity=\u00bb1&#8243; background_hover_color_opacity=\u00bb1&#8243; column_shadow=\u00bbnone\u00bb column_border_radius=\u00bbnone\u00bb column_link_target=\u00bb_self\u00bb gradient_direction=\u00bbleft_to_right\u00bb overlay_strength=\u00bb0.3&#8243; width=\u00bb1\/2&#8243; tablet_width_inherit=\u00bbdefault\u00bb tablet_text_alignment=\u00bbdefault\u00bb...\" \/>\n<meta property=\"og:url\" content=\"https:\/\/claudiovignoli.com\/es\/asesoramiento-comercial-productores-aceite-oliva\/ayudamos-exportar-producto\/\" \/>\n<meta property=\"og:site_name\" content=\"Claudio Vignoli\" \/>\n<meta property=\"article:modified_time\" content=\"2021-07-22T09:55:02+00:00\" \/>\n<meta name=\"twitter:card\" content=\"summary_large_image\" \/>\n<meta name=\"twitter:label1\" content=\"Tiempo de lectura\" \/>\n\t<meta name=\"twitter:data1\" content=\"4 minutos\" \/>\n<script type=\"application\/ld+json\" class=\"yoast-schema-graph\">{\"@context\":\"https:\/\/schema.org\",\"@graph\":[{\"@type\":\"WebSite\",\"@id\":\"https:\/\/claudiovignoli.com\/#website\",\"url\":\"https:\/\/claudiovignoli.com\/\",\"name\":\"Claudio Vignoli\",\"description\":\"\",\"potentialAction\":[{\"@type\":\"SearchAction\",\"target\":{\"@type\":\"EntryPoint\",\"urlTemplate\":\"https:\/\/claudiovignoli.com\/?s={search_term_string}\"},\"query-input\":\"required name=search_term_string\"}],\"inLanguage\":\"es\"},{\"@type\":\"WebPage\",\"@id\":\"https:\/\/claudiovignoli.com\/es\/asesoramiento-comercial-productores-aceite-oliva\/ayudamos-exportar-producto\/#webpage\",\"url\":\"https:\/\/claudiovignoli.com\/es\/asesoramiento-comercial-productores-aceite-oliva\/ayudamos-exportar-producto\/\",\"name\":\"Te ayudamos a exportar tu producto - asesoramiento comercial para productores de aceite de oliva - Claudio Vignoli\",\"isPartOf\":{\"@id\":\"https:\/\/claudiovignoli.com\/#website\"},\"datePublished\":\"2021-06-25T11:01:13+00:00\",\"dateModified\":\"2021-07-22T09:55:02+00:00\",\"breadcrumb\":{\"@id\":\"https:\/\/claudiovignoli.com\/es\/asesoramiento-comercial-productores-aceite-oliva\/ayudamos-exportar-producto\/#breadcrumb\"},\"inLanguage\":\"es\",\"potentialAction\":[{\"@type\":\"ReadAction\",\"target\":[\"https:\/\/claudiovignoli.com\/es\/asesoramiento-comercial-productores-aceite-oliva\/ayudamos-exportar-producto\/\"]}]},{\"@type\":\"BreadcrumbList\",\"@id\":\"https:\/\/claudiovignoli.com\/es\/asesoramiento-comercial-productores-aceite-oliva\/ayudamos-exportar-producto\/#breadcrumb\",\"itemListElement\":[{\"@type\":\"ListItem\",\"position\":1,\"name\":\"Home\",\"item\":\"https:\/\/claudiovignoli.com\/es\/\"},{\"@type\":\"ListItem\",\"position\":2,\"name\":\"Asesoramiento comercial para productores de aceite de oliva\",\"item\":\"https:\/\/claudiovignoli.com\/es\/asesoramiento-comercial-productores-aceite-oliva\/\"},{\"@type\":\"ListItem\",\"position\":3,\"name\":\"Te ayudamos a exportar tu producto &#8211; asesoramiento comercial para productores de aceite de oliva\"}]}]}<\/script>\n<!-- \/ Yoast SEO plugin. -->","yoast_head_json":{"title":"Te ayudamos a exportar tu producto - asesoramiento comercial para productores de aceite de oliva - Claudio Vignoli","robots":{"index":"index","follow":"follow","max-snippet":"max-snippet:-1","max-image-preview":"max-image-preview:large","max-video-preview":"max-video-preview:-1"},"canonical":"https:\/\/claudiovignoli.com\/es\/asesoramiento-comercial-productores-aceite-oliva\/ayudamos-exportar-producto\/","og_locale":"es_ES","og_type":"article","og_title":"Te ayudamos a exportar tu producto - asesoramiento comercial para productores de aceite de oliva - Claudio Vignoli","og_description":"[vc_row type=\u00bbin_container\u00bb full_screen_row_position=\u00bbmiddle\u00bb column_margin=\u00bbdefault\u00bb column_direction=\u00bbdefault\u00bb column_direction_tablet=\u00bbdefault\u00bb column_direction_phone=\u00bbdefault\u00bb scene_position=\u00bbcenter\u00bb text_color=\u00bbdark\u00bb text_align=\u00bbleft\u00bb row_border_radius=\u00bbnone\u00bb row_border_radius_applies=\u00bbbg\u00bb overlay_strength=\u00bb0.3&#8243; gradient_direction=\u00bbleft_to_right\u00bb shape_divider_position=\u00bbbottom\u00bb bg_image_animation=\u00bbnone\u00bb][vc_column column_padding=\u00bbno-extra-padding\u00bb column_padding_tablet=\u00bbinherit\u00bb column_padding_phone=\u00bbinherit\u00bb column_padding_position=\u00bball\u00bb background_color_opacity=\u00bb1&#8243; background_hover_color_opacity=\u00bb1&#8243; column_shadow=\u00bbnone\u00bb column_border_radius=\u00bbnone\u00bb column_link_target=\u00bb_self\u00bb gradient_direction=\u00bbleft_to_right\u00bb overlay_strength=\u00bb0.3&#8243; width=\u00bb1\/2&#8243; tablet_width_inherit=\u00bbdefault\u00bb tablet_text_alignment=\u00bbdefault\u00bb...","og_url":"https:\/\/claudiovignoli.com\/es\/asesoramiento-comercial-productores-aceite-oliva\/ayudamos-exportar-producto\/","og_site_name":"Claudio Vignoli","article_modified_time":"2021-07-22T09:55:02+00:00","twitter_card":"summary_large_image","twitter_misc":{"Tiempo de lectura":"4 minutos"},"schema":{"@context":"https:\/\/schema.org","@graph":[{"@type":"WebSite","@id":"https:\/\/claudiovignoli.com\/#website","url":"https:\/\/claudiovignoli.com\/","name":"Claudio Vignoli","description":"","potentialAction":[{"@type":"SearchAction","target":{"@type":"EntryPoint","urlTemplate":"https:\/\/claudiovignoli.com\/?s={search_term_string}"},"query-input":"required name=search_term_string"}],"inLanguage":"es"},{"@type":"WebPage","@id":"https:\/\/claudiovignoli.com\/es\/asesoramiento-comercial-productores-aceite-oliva\/ayudamos-exportar-producto\/#webpage","url":"https:\/\/claudiovignoli.com\/es\/asesoramiento-comercial-productores-aceite-oliva\/ayudamos-exportar-producto\/","name":"Te ayudamos a exportar tu producto - asesoramiento comercial para productores de aceite de oliva - Claudio Vignoli","isPartOf":{"@id":"https:\/\/claudiovignoli.com\/#website"},"datePublished":"2021-06-25T11:01:13+00:00","dateModified":"2021-07-22T09:55:02+00:00","breadcrumb":{"@id":"https:\/\/claudiovignoli.com\/es\/asesoramiento-comercial-productores-aceite-oliva\/ayudamos-exportar-producto\/#breadcrumb"},"inLanguage":"es","potentialAction":[{"@type":"ReadAction","target":["https:\/\/claudiovignoli.com\/es\/asesoramiento-comercial-productores-aceite-oliva\/ayudamos-exportar-producto\/"]}]},{"@type":"BreadcrumbList","@id":"https:\/\/claudiovignoli.com\/es\/asesoramiento-comercial-productores-aceite-oliva\/ayudamos-exportar-producto\/#breadcrumb","itemListElement":[{"@type":"ListItem","position":1,"name":"Home","item":"https:\/\/claudiovignoli.com\/es\/"},{"@type":"ListItem","position":2,"name":"Asesoramiento comercial para productores de aceite de oliva","item":"https:\/\/claudiovignoli.com\/es\/asesoramiento-comercial-productores-aceite-oliva\/"},{"@type":"ListItem","position":3,"name":"Te ayudamos a exportar tu producto &#8211; asesoramiento comercial para productores de aceite de oliva"}]}]}},"_links":{"self":[{"href":"https:\/\/claudiovignoli.com\/es\/wp-json\/wp\/v2\/pages\/2718"}],"collection":[{"href":"https:\/\/claudiovignoli.com\/es\/wp-json\/wp\/v2\/pages"}],"about":[{"href":"https:\/\/claudiovignoli.com\/es\/wp-json\/wp\/v2\/types\/page"}],"author":[{"embeddable":true,"href":"https:\/\/claudiovignoli.com\/es\/wp-json\/wp\/v2\/users\/4"}],"replies":[{"embeddable":true,"href":"https:\/\/claudiovignoli.com\/es\/wp-json\/wp\/v2\/comments?post=2718"}],"version-history":[{"count":5,"href":"https:\/\/claudiovignoli.com\/es\/wp-json\/wp\/v2\/pages\/2718\/revisions"}],"predecessor-version":[{"id":3888,"href":"https:\/\/claudiovignoli.com\/es\/wp-json\/wp\/v2\/pages\/2718\/revisions\/3888"}],"up":[{"embeddable":true,"href":"https:\/\/claudiovignoli.com\/es\/wp-json\/wp\/v2\/pages\/2703"}],"wp:attachment":[{"href":"https:\/\/claudiovignoli.com\/es\/wp-json\/wp\/v2\/media?parent=2718"}],"curies":[{"name":"wp","href":"https:\/\/api.w.org\/{rel}","templated":true}]}}