{"id":2732,"date":"2021-06-25T12:03:54","date_gmt":"2021-06-25T11:03:54","guid":{"rendered":"https:\/\/claudiovignoli.com\/?page_id=2732"},"modified":"2021-07-22T10:46:13","modified_gmt":"2021-07-22T09:46:13","slug":"la-mejor-tecnologia-al-mejor-precio-asesoramiento-tecnico-para-productores-de-aceite-de-oliva","status":"publish","type":"page","link":"https:\/\/claudiovignoli.com\/es\/asesoramiento-tecnico-a-productores-de-aceite-de-oliva-y-frutos-secos\/la-mejor-tecnologia-al-mejor-precio-asesoramiento-tecnico-para-productores-de-aceite-de-oliva\/","title":{"rendered":"La mejor tecnolog\u00eda al mejor precio &#8211; asesoramiento t\u00e9cnico para productores de aceite de oliva"},"content":{"rendered":"[vc_row type=\u00bbin_container\u00bb full_screen_row_position=\u00bbmiddle\u00bb column_margin=\u00bbdefault\u00bb column_direction=\u00bbdefault\u00bb column_direction_tablet=\u00bbdefault\u00bb column_direction_phone=\u00bbdefault\u00bb scene_position=\u00bbcenter\u00bb text_color=\u00bbdark\u00bb text_align=\u00bbleft\u00bb row_border_radius=\u00bbnone\u00bb row_border_radius_applies=\u00bbbg\u00bb overlay_strength=\u00bb0.3&#8243; gradient_direction=\u00bbleft_to_right\u00bb shape_divider_position=\u00bbbottom\u00bb bg_image_animation=\u00bbnone\u00bb][vc_column column_padding=\u00bbno-extra-padding\u00bb column_padding_tablet=\u00bbinherit\u00bb column_padding_phone=\u00bbinherit\u00bb column_padding_position=\u00bball\u00bb background_color_opacity=\u00bb1&#8243; background_hover_color_opacity=\u00bb1&#8243; column_shadow=\u00bbnone\u00bb column_border_radius=\u00bbnone\u00bb column_link_target=\u00bb_self\u00bb gradient_direction=\u00bbleft_to_right\u00bb overlay_strength=\u00bb0.3&#8243; width=\u00bb1\/2&#8243; tablet_width_inherit=\u00bbdefault\u00bb tablet_text_alignment=\u00bbdefault\u00bb phone_text_alignment=\u00bbdefault\u00bb column_border_width=\u00bbnone\u00bb column_border_style=\u00bbsolid\u00bb bg_image_animation=\u00bbnone\u00bb][vc_column_text]\n<h2 style=\"text-align: left;\">La mejor tecnolog\u00eda al mejor precio<\/h2>\n[\/vc_column_text][vc_column_text]<em>\u00abMi formaci\u00f3n y experiencia de casi 30 a\u00f1os como especialista en la industria del aceite de oliva me permiten afirmar que conozco todas las fases del proceso productivo: desde la recolecci\u00f3n de las aceitunas hasta el embotellamiento del aceite, pasando por el procesamiento y el control de calidad de las aceitunas y el aceite.\u00a0\u00a0Asimismo, mis a\u00f1os de experiencia como director de exportaci\u00f3n para uno de los principales productores mundiales de maquinaria para la industria del aceite han hecho que conozca detalladamente virtudes y defectos, puntos de fuerza y debilidades de cada marca de maquinaria y equipos para este sector.\u00a0<\/em><\/p>\n<p><em>En mi actividad empresarial actual, creada en 2007, este conocimiento siempre est\u00e1 vigente. Colaboro con los principales productores de maquinaria, equipos y componentes para la industria del aceite y los frutos secos, y esto me permite conocer sus precios, las condiciones mejores que pueden ofrecer, la calidad y la fiabilidad de sus productos.\u00a0\u00a0Gracias a una experiencia y una visi\u00f3n empresarial completa, mi equipo y yo podemos ofrecerte un asesoramiento t\u00e9cnico especializado y asistirte en todos los aspectos relacionados con la organizaci\u00f3n de tu negocio: dise\u00f1amos la planta productiva m\u00e1s adecuada para tus necesidades, te acompa\u00f1amos en tu actividad y gestionamos para ti todas las fases productivas de puesta en marcha, desarrollo y crecimiento de la empresa.\u00bb<\/em>[\/vc_column_text][\/vc_column][vc_column column_padding=\u00bbno-extra-padding\u00bb column_padding_tablet=\u00bbinherit\u00bb column_padding_phone=\u00bbinherit\u00bb column_padding_position=\u00bball\u00bb background_color_opacity=\u00bb1&#8243; background_hover_color_opacity=\u00bb1&#8243; column_shadow=\u00bbnone\u00bb column_border_radius=\u00bbnone\u00bb column_link_target=\u00bb_self\u00bb gradient_direction=\u00bbleft_to_right\u00bb overlay_strength=\u00bb0.3&#8243; width=\u00bb1\/2&#8243; tablet_width_inherit=\u00bbdefault\u00bb tablet_text_alignment=\u00bbdefault\u00bb phone_text_alignment=\u00bbdefault\u00bb column_border_width=\u00bbnone\u00bb column_border_style=\u00bbsolid\u00bb bg_image_animation=\u00bbnone\u00bb][image_with_animation image_url=\u00bb747&#8243; animation=\u00bbFade In\u00bb hover_animation=\u00bbnone\u00bb alignment=\u00bb\u00bb border_radius=\u00bbnone\u00bb box_shadow=\u00bbnone\u00bb image_loading=\u00bbdefault\u00bb max_width=\u00bb100%\u00bb max_width_mobile=\u00bbdefault\u00bb][\/vc_column][\/vc_row][vc_row type=\u00bbfull_width_background\u00bb full_screen_row_position=\u00bbmiddle\u00bb column_margin=\u00bbdefault\u00bb column_direction=\u00bbdefault\u00bb column_direction_tablet=\u00bbdefault\u00bb column_direction_phone=\u00bbdefault\u00bb bg_image=\u00bb328&#8243; bg_position=\u00bbcenter center\u00bb bg_repeat=\u00bbno-repeat\u00bb scene_position=\u00bbcenter\u00bb text_color=\u00bbdark\u00bb text_align=\u00bbleft\u00bb row_border_radius=\u00bbnone\u00bb row_border_radius_applies=\u00bbbg\u00bb overlay_strength=\u00bb0.3&#8243; gradient_direction=\u00bbleft_to_right\u00bb shape_divider_position=\u00bbbottom\u00bb bg_image_animation=\u00bbnone\u00bb shape_type=\u00bb\u00bb][vc_column column_padding=\u00bbno-extra-padding\u00bb column_padding_tablet=\u00bbinherit\u00bb column_padding_phone=\u00bbinherit\u00bb column_padding_position=\u00bball\u00bb background_color_opacity=\u00bb1&#8243; background_hover_color_opacity=\u00bb1&#8243; column_shadow=\u00bbnone\u00bb column_border_radius=\u00bbnone\u00bb column_link_target=\u00bb_self\u00bb gradient_direction=\u00bbleft_to_right\u00bb overlay_strength=\u00bb0.3&#8243; width=\u00bb1\/4&#8243; tablet_width_inherit=\u00bbdefault\u00bb tablet_text_alignment=\u00bbdefault\u00bb phone_text_alignment=\u00bbdefault\u00bb column_border_width=\u00bbnone\u00bb column_border_style=\u00bbsolid\u00bb bg_image_animation=\u00bbnone\u00bb offset=\u00bbvc_hidden-xs\u00bb][\/vc_column][vc_column column_padding=\u00bbno-extra-padding\u00bb column_padding_tablet=\u00bbinherit\u00bb column_padding_phone=\u00bbinherit\u00bb column_padding_position=\u00bball\u00bb centered_text=\u00bbtrue\u00bb background_color_opacity=\u00bb1&#8243; background_hover_color_opacity=\u00bb1&#8243; column_shadow=\u00bbnone\u00bb column_border_radius=\u00bbnone\u00bb column_link_target=\u00bb_self\u00bb gradient_direction=\u00bbleft_to_right\u00bb overlay_strength=\u00bb0.3&#8243; width=\u00bb1\/2&#8243; tablet_width_inherit=\u00bbdefault\u00bb tablet_text_alignment=\u00bbdefault\u00bb phone_text_alignment=\u00bbdefault\u00bb column_border_width=\u00bbnone\u00bb column_border_style=\u00bbsolid\u00bb bg_image_animation=\u00bbnone\u00bb offset=\u00bbvc_hidden-xs\u00bb][divider line_type=\u00bbNo Line\u00bb custom_height=\u00bb100&#8243; custom_height_tablet=\u00bb50&#8243; custom_height_phone=\u00bb0&#8243;][vc_column_text]\n<h1 style=\"text-align: center;\"><span style=\"color: #222d1c;\">Quieres incrementar tus ventas?<\/span><\/h1>\n[\/vc_column_text][vc_column_text]\n<h3 style=\"text-align: center;\"><span style=\"color: #557d1f;\">Empieza ahora!<\/span><\/h3>\n[\/vc_column_text][divider line_type=\u00bbNo Line\u00bb custom_height=\u00bb20&#8243; custom_height_tablet=\u00bb20&#8243; custom_height_phone=\u00bb20&#8243;][nectar_btn size=\u00bbjumbo\u00bb button_style=\u00bbregular\u00bb button_color_2=\u00bbAccent-Color\u00bb icon_family=\u00bbnone\u00bb text=\u00bbCONT\u00c1CTENOS\u00bb url=\u00bb\/es\/contactos\/\u00bb][divider line_type=\u00bbNo Line\u00bb custom_height=\u00bb180&#8243; custom_height_tablet=\u00bb80&#8243; custom_height_phone=\u00bb50&#8243;][\/vc_column][vc_column column_padding=\u00bbno-extra-padding\u00bb column_padding_tablet=\u00bbinherit\u00bb column_padding_phone=\u00bbinherit\u00bb column_padding_position=\u00bball\u00bb background_color_opacity=\u00bb1&#8243; background_hover_color_opacity=\u00bb1&#8243; column_shadow=\u00bbnone\u00bb column_border_radius=\u00bbnone\u00bb column_link_target=\u00bb_self\u00bb gradient_direction=\u00bbleft_to_right\u00bb overlay_strength=\u00bb0.3&#8243; width=\u00bb1\/4&#8243; tablet_width_inherit=\u00bbdefault\u00bb tablet_text_alignment=\u00bbdefault\u00bb phone_text_alignment=\u00bbdefault\u00bb column_border_width=\u00bbnone\u00bb column_border_style=\u00bbsolid\u00bb bg_image_animation=\u00bbnone\u00bb offset=\u00bbvc_hidden-xs\u00bb][\/vc_column][\/vc_row][vc_row type=\u00bbfull_width_background\u00bb full_screen_row_position=\u00bbmiddle\u00bb column_margin=\u00bbdefault\u00bb column_direction=\u00bbdefault\u00bb column_direction_tablet=\u00bbdefault\u00bb column_direction_phone=\u00bbdefault\u00bb bg_image=\u00bb328&#8243; bg_position=\u00bbright center\u00bb bg_repeat=\u00bbno-repeat\u00bb scene_position=\u00bbcenter\u00bb text_color=\u00bbdark\u00bb text_align=\u00bbleft\u00bb row_border_radius=\u00bbnone\u00bb row_border_radius_applies=\u00bbbg\u00bb overlay_strength=\u00bb0.3&#8243; gradient_direction=\u00bbleft_to_right\u00bb shape_divider_position=\u00bbbottom\u00bb bg_image_animation=\u00bbnone\u00bb shape_type=\u00bb\u00bb][vc_column column_padding=\u00bbno-extra-padding\u00bb column_padding_tablet=\u00bbinherit\u00bb column_padding_phone=\u00bbinherit\u00bb column_padding_position=\u00bball\u00bb background_color_opacity=\u00bb1&#8243; background_hover_color_opacity=\u00bb1&#8243; column_shadow=\u00bbnone\u00bb column_border_radius=\u00bbnone\u00bb column_link_target=\u00bb_self\u00bb gradient_direction=\u00bbleft_to_right\u00bb overlay_strength=\u00bb0.3&#8243; width=\u00bb1\/4&#8243; tablet_width_inherit=\u00bbdefault\u00bb tablet_text_alignment=\u00bbdefault\u00bb phone_text_alignment=\u00bbdefault\u00bb column_border_width=\u00bbnone\u00bb column_border_style=\u00bbsolid\u00bb bg_image_animation=\u00bbnone\u00bb][\/vc_column][vc_column column_padding=\u00bbno-extra-padding\u00bb column_padding_tablet=\u00bbinherit\u00bb column_padding_phone=\u00bbinherit\u00bb column_padding_position=\u00bball\u00bb centered_text=\u00bbtrue\u00bb background_color_opacity=\u00bb1&#8243; background_hover_color_opacity=\u00bb1&#8243; column_shadow=\u00bbnone\u00bb column_border_radius=\u00bbnone\u00bb column_link_target=\u00bb_self\u00bb gradient_direction=\u00bbleft_to_right\u00bb overlay_strength=\u00bb0.3&#8243; width=\u00bb1\/2&#8243; tablet_width_inherit=\u00bbdefault\u00bb tablet_text_alignment=\u00bbdefault\u00bb phone_text_alignment=\u00bbdefault\u00bb column_border_width=\u00bbnone\u00bb column_border_style=\u00bbsolid\u00bb bg_image_animation=\u00bbnone\u00bb offset=\u00bbvc_hidden-lg vc_hidden-md vc_hidden-sm\u00bb][divider line_type=\u00bbNo Line\u00bb custom_height=\u00bb100&#8243; custom_height_tablet=\u00bb50&#8243; custom_height_phone=\u00bb0&#8243;][vc_column_text]\n<h1 style=\"text-align: center;\"><span style=\"color: #222d1c;\">Quieres incrementar tus ventas?<\/span><\/h1>\n[\/vc_column_text][vc_column_text]\n<h3 style=\"text-align: center;\"><span style=\"color: #557d1f;\">Empieza ahora!<\/span><\/h3>\n[\/vc_column_text][divider line_type=\u00bbNo Line\u00bb custom_height=\u00bb20&#8243; custom_height_tablet=\u00bb20&#8243; custom_height_phone=\u00bb20&#8243;][nectar_btn size=\u00bbjumbo\u00bb button_style=\u00bbregular\u00bb button_color_2=\u00bbAccent-Color\u00bb icon_family=\u00bbnone\u00bb text=\u00bbCONT\u00c1CTENOS\u00bb url=\u00bb\/es\/contactos\/\u00bb][divider line_type=\u00bbNo Line\u00bb custom_height=\u00bb180&#8243; custom_height_tablet=\u00bb80&#8243; custom_height_phone=\u00bb50&#8243;][\/vc_column][vc_column column_padding=\u00bbno-extra-padding\u00bb column_padding_tablet=\u00bbinherit\u00bb column_padding_phone=\u00bbinherit\u00bb column_padding_position=\u00bball\u00bb background_color_opacity=\u00bb1&#8243; background_hover_color_opacity=\u00bb1&#8243; column_shadow=\u00bbnone\u00bb column_border_radius=\u00bbnone\u00bb column_link_target=\u00bb_self\u00bb gradient_direction=\u00bbleft_to_right\u00bb overlay_strength=\u00bb0.3&#8243; width=\u00bb1\/4&#8243; tablet_width_inherit=\u00bbdefault\u00bb tablet_text_alignment=\u00bbdefault\u00bb phone_text_alignment=\u00bbdefault\u00bb column_border_width=\u00bbnone\u00bb column_border_style=\u00bbsolid\u00bb bg_image_animation=\u00bbnone\u00bb][\/vc_column][\/vc_row]\n","protected":false},"excerpt":{"rendered":"<p>[vc_row type=\u00bbin_container\u00bb full_screen_row_position=\u00bbmiddle\u00bb column_margin=\u00bbdefault\u00bb column_direction=\u00bbdefault\u00bb column_direction_tablet=\u00bbdefault\u00bb column_direction_phone=\u00bbdefault\u00bb scene_position=\u00bbcenter\u00bb text_color=\u00bbdark\u00bb text_align=\u00bbleft\u00bb row_border_radius=\u00bbnone\u00bb row_border_radius_applies=\u00bbbg\u00bb overlay_strength=\u00bb0.3&#8243; gradient_direction=\u00bbleft_to_right\u00bb shape_divider_position=\u00bbbottom\u00bb bg_image_animation=\u00bbnone\u00bb][vc_column column_padding=\u00bbno-extra-padding\u00bb column_padding_tablet=\u00bbinherit\u00bb column_padding_phone=\u00bbinherit\u00bb column_padding_position=\u00bball\u00bb background_color_opacity=\u00bb1&#8243; background_hover_color_opacity=\u00bb1&#8243; column_shadow=\u00bbnone\u00bb column_border_radius=\u00bbnone\u00bb column_link_target=\u00bb_self\u00bb gradient_direction=\u00bbleft_to_right\u00bb overlay_strength=\u00bb0.3&#8243; width=\u00bb1\/2&#8243; tablet_width_inherit=\u00bbdefault\u00bb tablet_text_alignment=\u00bbdefault\u00bb&#8230;<\/p>\n","protected":false},"author":4,"featured_media":0,"parent":2720,"menu_order":0,"comment_status":"closed","ping_status":"closed","template":"","meta":{"content-type":""},"yoast_head":"<!-- This site is optimized with the Yoast SEO plugin v17.5 - https:\/\/yoast.com\/wordpress\/plugins\/seo\/ -->\n<title>La mejor tecnolog\u00eda al mejor precio - asesoramiento t\u00e9cnico para productores de aceite de oliva - Claudio Vignoli<\/title>\n<meta name=\"robots\" content=\"index, follow, max-snippet:-1, max-image-preview:large, max-video-preview:-1\" \/>\n<link rel=\"canonical\" href=\"https:\/\/claudiovignoli.com\/es\/asesoramiento-tecnico-a-productores-de-aceite-de-oliva-y-frutos-secos\/la-mejor-tecnologia-al-mejor-precio-asesoramiento-tecnico-para-productores-de-aceite-de-oliva\/\" \/>\n<meta property=\"og:locale\" content=\"es_ES\" \/>\n<meta property=\"og:type\" content=\"article\" \/>\n<meta property=\"og:title\" content=\"La mejor tecnolog\u00eda al mejor precio - asesoramiento t\u00e9cnico para productores de aceite de oliva - Claudio Vignoli\" \/>\n<meta property=\"og:description\" content=\"[vc_row type=\u00bbin_container\u00bb full_screen_row_position=\u00bbmiddle\u00bb column_margin=\u00bbdefault\u00bb column_direction=\u00bbdefault\u00bb column_direction_tablet=\u00bbdefault\u00bb column_direction_phone=\u00bbdefault\u00bb scene_position=\u00bbcenter\u00bb text_color=\u00bbdark\u00bb text_align=\u00bbleft\u00bb row_border_radius=\u00bbnone\u00bb row_border_radius_applies=\u00bbbg\u00bb overlay_strength=\u00bb0.3&#8243; gradient_direction=\u00bbleft_to_right\u00bb shape_divider_position=\u00bbbottom\u00bb bg_image_animation=\u00bbnone\u00bb][vc_column column_padding=\u00bbno-extra-padding\u00bb column_padding_tablet=\u00bbinherit\u00bb column_padding_phone=\u00bbinherit\u00bb column_padding_position=\u00bball\u00bb background_color_opacity=\u00bb1&#8243; background_hover_color_opacity=\u00bb1&#8243; column_shadow=\u00bbnone\u00bb column_border_radius=\u00bbnone\u00bb column_link_target=\u00bb_self\u00bb gradient_direction=\u00bbleft_to_right\u00bb overlay_strength=\u00bb0.3&#8243; width=\u00bb1\/2&#8243; tablet_width_inherit=\u00bbdefault\u00bb tablet_text_alignment=\u00bbdefault\u00bb...\" \/>\n<meta property=\"og:url\" content=\"https:\/\/claudiovignoli.com\/es\/asesoramiento-tecnico-a-productores-de-aceite-de-oliva-y-frutos-secos\/la-mejor-tecnologia-al-mejor-precio-asesoramiento-tecnico-para-productores-de-aceite-de-oliva\/\" \/>\n<meta property=\"og:site_name\" content=\"Claudio Vignoli\" \/>\n<meta property=\"article:modified_time\" content=\"2021-07-22T09:46:13+00:00\" \/>\n<meta name=\"twitter:card\" content=\"summary_large_image\" \/>\n<meta name=\"twitter:label1\" content=\"Tiempo de lectura\" \/>\n\t<meta name=\"twitter:data1\" content=\"3 minutos\" \/>\n<script type=\"application\/ld+json\" class=\"yoast-schema-graph\">{\"@context\":\"https:\/\/schema.org\",\"@graph\":[{\"@type\":\"WebSite\",\"@id\":\"https:\/\/claudiovignoli.com\/#website\",\"url\":\"https:\/\/claudiovignoli.com\/\",\"name\":\"Claudio Vignoli\",\"description\":\"\",\"potentialAction\":[{\"@type\":\"SearchAction\",\"target\":{\"@type\":\"EntryPoint\",\"urlTemplate\":\"https:\/\/claudiovignoli.com\/?s={search_term_string}\"},\"query-input\":\"required name=search_term_string\"}],\"inLanguage\":\"es\"},{\"@type\":\"WebPage\",\"@id\":\"https:\/\/claudiovignoli.com\/es\/asesoramiento-tecnico-a-productores-de-aceite-de-oliva-y-frutos-secos\/la-mejor-tecnologia-al-mejor-precio-asesoramiento-tecnico-para-productores-de-aceite-de-oliva\/#webpage\",\"url\":\"https:\/\/claudiovignoli.com\/es\/asesoramiento-tecnico-a-productores-de-aceite-de-oliva-y-frutos-secos\/la-mejor-tecnologia-al-mejor-precio-asesoramiento-tecnico-para-productores-de-aceite-de-oliva\/\",\"name\":\"La mejor tecnolog\\u00eda al mejor precio - asesoramiento t\\u00e9cnico para productores de aceite de oliva - Claudio Vignoli\",\"isPartOf\":{\"@id\":\"https:\/\/claudiovignoli.com\/#website\"},\"datePublished\":\"2021-06-25T11:03:54+00:00\",\"dateModified\":\"2021-07-22T09:46:13+00:00\",\"breadcrumb\":{\"@id\":\"https:\/\/claudiovignoli.com\/es\/asesoramiento-tecnico-a-productores-de-aceite-de-oliva-y-frutos-secos\/la-mejor-tecnologia-al-mejor-precio-asesoramiento-tecnico-para-productores-de-aceite-de-oliva\/#breadcrumb\"},\"inLanguage\":\"es\",\"potentialAction\":[{\"@type\":\"ReadAction\",\"target\":[\"https:\/\/claudiovignoli.com\/es\/asesoramiento-tecnico-a-productores-de-aceite-de-oliva-y-frutos-secos\/la-mejor-tecnologia-al-mejor-precio-asesoramiento-tecnico-para-productores-de-aceite-de-oliva\/\"]}]},{\"@type\":\"BreadcrumbList\",\"@id\":\"https:\/\/claudiovignoli.com\/es\/asesoramiento-tecnico-a-productores-de-aceite-de-oliva-y-frutos-secos\/la-mejor-tecnologia-al-mejor-precio-asesoramiento-tecnico-para-productores-de-aceite-de-oliva\/#breadcrumb\",\"itemListElement\":[{\"@type\":\"ListItem\",\"position\":1,\"name\":\"Home\",\"item\":\"https:\/\/claudiovignoli.com\/es\/\"},{\"@type\":\"ListItem\",\"position\":2,\"name\":\"Asesoramiento t\\u00e9cnico a productores de aceite de oliva y frutos secos\",\"item\":\"https:\/\/claudiovignoli.com\/es\/asesoramiento-tecnico-a-productores-de-aceite-de-oliva-y-frutos-secos\/\"},{\"@type\":\"ListItem\",\"position\":3,\"name\":\"La mejor tecnolog\\u00eda al mejor precio &#8211; asesoramiento t\\u00e9cnico para productores de aceite de oliva\"}]}]}<\/script>\n<!-- \/ Yoast SEO plugin. -->","yoast_head_json":{"title":"La mejor tecnolog\u00eda al mejor precio - asesoramiento t\u00e9cnico para productores de aceite de oliva - Claudio Vignoli","robots":{"index":"index","follow":"follow","max-snippet":"max-snippet:-1","max-image-preview":"max-image-preview:large","max-video-preview":"max-video-preview:-1"},"canonical":"https:\/\/claudiovignoli.com\/es\/asesoramiento-tecnico-a-productores-de-aceite-de-oliva-y-frutos-secos\/la-mejor-tecnologia-al-mejor-precio-asesoramiento-tecnico-para-productores-de-aceite-de-oliva\/","og_locale":"es_ES","og_type":"article","og_title":"La mejor tecnolog\u00eda al mejor precio - asesoramiento t\u00e9cnico para productores de aceite de oliva - Claudio Vignoli","og_description":"[vc_row type=\u00bbin_container\u00bb full_screen_row_position=\u00bbmiddle\u00bb column_margin=\u00bbdefault\u00bb column_direction=\u00bbdefault\u00bb column_direction_tablet=\u00bbdefault\u00bb column_direction_phone=\u00bbdefault\u00bb scene_position=\u00bbcenter\u00bb text_color=\u00bbdark\u00bb text_align=\u00bbleft\u00bb row_border_radius=\u00bbnone\u00bb row_border_radius_applies=\u00bbbg\u00bb overlay_strength=\u00bb0.3&#8243; gradient_direction=\u00bbleft_to_right\u00bb shape_divider_position=\u00bbbottom\u00bb bg_image_animation=\u00bbnone\u00bb][vc_column column_padding=\u00bbno-extra-padding\u00bb column_padding_tablet=\u00bbinherit\u00bb column_padding_phone=\u00bbinherit\u00bb column_padding_position=\u00bball\u00bb background_color_opacity=\u00bb1&#8243; background_hover_color_opacity=\u00bb1&#8243; column_shadow=\u00bbnone\u00bb column_border_radius=\u00bbnone\u00bb column_link_target=\u00bb_self\u00bb gradient_direction=\u00bbleft_to_right\u00bb overlay_strength=\u00bb0.3&#8243; width=\u00bb1\/2&#8243; tablet_width_inherit=\u00bbdefault\u00bb tablet_text_alignment=\u00bbdefault\u00bb...","og_url":"https:\/\/claudiovignoli.com\/es\/asesoramiento-tecnico-a-productores-de-aceite-de-oliva-y-frutos-secos\/la-mejor-tecnologia-al-mejor-precio-asesoramiento-tecnico-para-productores-de-aceite-de-oliva\/","og_site_name":"Claudio Vignoli","article_modified_time":"2021-07-22T09:46:13+00:00","twitter_card":"summary_large_image","twitter_misc":{"Tiempo de lectura":"3 minutos"},"schema":{"@context":"https:\/\/schema.org","@graph":[{"@type":"WebSite","@id":"https:\/\/claudiovignoli.com\/#website","url":"https:\/\/claudiovignoli.com\/","name":"Claudio Vignoli","description":"","potentialAction":[{"@type":"SearchAction","target":{"@type":"EntryPoint","urlTemplate":"https:\/\/claudiovignoli.com\/?s={search_term_string}"},"query-input":"required name=search_term_string"}],"inLanguage":"es"},{"@type":"WebPage","@id":"https:\/\/claudiovignoli.com\/es\/asesoramiento-tecnico-a-productores-de-aceite-de-oliva-y-frutos-secos\/la-mejor-tecnologia-al-mejor-precio-asesoramiento-tecnico-para-productores-de-aceite-de-oliva\/#webpage","url":"https:\/\/claudiovignoli.com\/es\/asesoramiento-tecnico-a-productores-de-aceite-de-oliva-y-frutos-secos\/la-mejor-tecnologia-al-mejor-precio-asesoramiento-tecnico-para-productores-de-aceite-de-oliva\/","name":"La mejor tecnolog\u00eda al mejor precio - asesoramiento t\u00e9cnico para productores de aceite de oliva - Claudio Vignoli","isPartOf":{"@id":"https:\/\/claudiovignoli.com\/#website"},"datePublished":"2021-06-25T11:03:54+00:00","dateModified":"2021-07-22T09:46:13+00:00","breadcrumb":{"@id":"https:\/\/claudiovignoli.com\/es\/asesoramiento-tecnico-a-productores-de-aceite-de-oliva-y-frutos-secos\/la-mejor-tecnologia-al-mejor-precio-asesoramiento-tecnico-para-productores-de-aceite-de-oliva\/#breadcrumb"},"inLanguage":"es","potentialAction":[{"@type":"ReadAction","target":["https:\/\/claudiovignoli.com\/es\/asesoramiento-tecnico-a-productores-de-aceite-de-oliva-y-frutos-secos\/la-mejor-tecnologia-al-mejor-precio-asesoramiento-tecnico-para-productores-de-aceite-de-oliva\/"]}]},{"@type":"BreadcrumbList","@id":"https:\/\/claudiovignoli.com\/es\/asesoramiento-tecnico-a-productores-de-aceite-de-oliva-y-frutos-secos\/la-mejor-tecnologia-al-mejor-precio-asesoramiento-tecnico-para-productores-de-aceite-de-oliva\/#breadcrumb","itemListElement":[{"@type":"ListItem","position":1,"name":"Home","item":"https:\/\/claudiovignoli.com\/es\/"},{"@type":"ListItem","position":2,"name":"Asesoramiento t\u00e9cnico a productores de aceite de oliva y frutos secos","item":"https:\/\/claudiovignoli.com\/es\/asesoramiento-tecnico-a-productores-de-aceite-de-oliva-y-frutos-secos\/"},{"@type":"ListItem","position":3,"name":"La mejor tecnolog\u00eda al mejor precio &#8211; asesoramiento t\u00e9cnico para productores de aceite de oliva"}]}]}},"_links":{"self":[{"href":"https:\/\/claudiovignoli.com\/es\/wp-json\/wp\/v2\/pages\/2732"}],"collection":[{"href":"https:\/\/claudiovignoli.com\/es\/wp-json\/wp\/v2\/pages"}],"about":[{"href":"https:\/\/claudiovignoli.com\/es\/wp-json\/wp\/v2\/types\/page"}],"author":[{"embeddable":true,"href":"https:\/\/claudiovignoli.com\/es\/wp-json\/wp\/v2\/users\/4"}],"replies":[{"embeddable":true,"href":"https:\/\/claudiovignoli.com\/es\/wp-json\/wp\/v2\/comments?post=2732"}],"version-history":[{"count":5,"href":"https:\/\/claudiovignoli.com\/es\/wp-json\/wp\/v2\/pages\/2732\/revisions"}],"predecessor-version":[{"id":3887,"href":"https:\/\/claudiovignoli.com\/es\/wp-json\/wp\/v2\/pages\/2732\/revisions\/3887"}],"up":[{"embeddable":true,"href":"https:\/\/claudiovignoli.com\/es\/wp-json\/wp\/v2\/pages\/2720"}],"wp:attachment":[{"href":"https:\/\/claudiovignoli.com\/es\/wp-json\/wp\/v2\/media?parent=2732"}],"curies":[{"name":"wp","href":"https:\/\/api.w.org\/{rel}","templated":true}]}}