{"id":2739,"date":"2021-06-28T10:00:15","date_gmt":"2021-06-28T09:00:15","guid":{"rendered":"https:\/\/claudiovignoli.com\/?page_id=2739"},"modified":"2021-10-11T10:46:30","modified_gmt":"2021-10-11T09:46:30","slug":"oficina-de-exportacion-asesoria-comercial-para-fabricantes-maquinaria-equipos","status":"publish","type":"page","link":"https:\/\/claudiovignoli.com\/es\/asesoramiento-comercial-para-fabricantes-de-maquinaria-y-equipos\/oficina-de-exportacion-asesoria-comercial-para-fabricantes-maquinaria-equipos\/","title":{"rendered":"Tu oficina de exportaci\u00f3n: asesor\u00eda comercial para fabricantes de maquinaria y equipos"},"content":{"rendered":"[vc_row type=\u00bbin_container\u00bb full_screen_row_position=\u00bbmiddle\u00bb column_margin=\u00bbdefault\u00bb column_direction=\u00bbdefault\u00bb column_direction_tablet=\u00bbdefault\u00bb column_direction_phone=\u00bbdefault\u00bb scene_position=\u00bbcenter\u00bb text_color=\u00bbdark\u00bb text_align=\u00bbleft\u00bb row_border_radius=\u00bbnone\u00bb row_border_radius_applies=\u00bbbg\u00bb overlay_strength=\u00bb0.3&#8243; gradient_direction=\u00bbleft_to_right\u00bb shape_divider_position=\u00bbbottom\u00bb bg_image_animation=\u00bbnone\u00bb][vc_column column_padding=\u00bbno-extra-padding\u00bb column_padding_tablet=\u00bbinherit\u00bb column_padding_phone=\u00bbinherit\u00bb column_padding_position=\u00bball\u00bb column_element_spacing=\u00bbdefault\u00bb background_color_opacity=\u00bb1&#8243; background_hover_color_opacity=\u00bb1&#8243; column_shadow=\u00bbnone\u00bb column_border_radius=\u00bbnone\u00bb column_link_target=\u00bb_self\u00bb gradient_direction=\u00bbleft_to_right\u00bb overlay_strength=\u00bb0.3&#8243; width=\u00bb1\/2&#8243; tablet_width_inherit=\u00bbdefault\u00bb tablet_text_alignment=\u00bbdefault\u00bb phone_text_alignment=\u00bbdefault\u00bb bg_image_animation=\u00bbnone\u00bb border_type=\u00bbsimple\u00bb column_border_width=\u00bbnone\u00bb column_border_style=\u00bbsolid\u00bb][image_with_animation image_url=\u00bb1021&#8243; animation=\u00bbFade In\u00bb hover_animation=\u00bbnone\u00bb alignment=\u00bb\u00bb border_radius=\u00bbnone\u00bb box_shadow=\u00bbnone\u00bb image_loading=\u00bbdefault\u00bb max_width=\u00bb100%\u00bb max_width_mobile=\u00bbdefault\u00bb][\/vc_column][vc_column column_padding=\u00bbno-extra-padding\u00bb column_padding_tablet=\u00bbinherit\u00bb column_padding_phone=\u00bbinherit\u00bb column_padding_position=\u00bball\u00bb column_element_spacing=\u00bbdefault\u00bb background_color_opacity=\u00bb1&#8243; background_hover_color_opacity=\u00bb1&#8243; column_shadow=\u00bbnone\u00bb column_border_radius=\u00bbnone\u00bb column_link_target=\u00bb_self\u00bb gradient_direction=\u00bbleft_to_right\u00bb overlay_strength=\u00bb0.3&#8243; width=\u00bb1\/2&#8243; tablet_width_inherit=\u00bbdefault\u00bb tablet_text_alignment=\u00bbdefault\u00bb phone_text_alignment=\u00bbdefault\u00bb bg_image_animation=\u00bbnone\u00bb border_type=\u00bbsimple\u00bb column_border_width=\u00bbnone\u00bb column_border_style=\u00bbsolid\u00bb][vc_column_text]\n<h2 style=\"text-align: left;\">Tu oficina de exportaci\u00f3n<\/h2>\n[\/vc_column_text][vc_column_text]<em>\u00abQuiero ponerte un ejemplo concreto para ayudarte a entender mejor cu\u00e1les y cu\u00e1ntas ventajas podr\u00e1s tener si utilizas el m\u00e9todo de CV Group.\u00a0<\/em><em>Por ejemplo, si eres una empresa espa\u00f1ola y quieres entrar en el mercado suramericano, no sabr\u00edas por d\u00f3nde comenzar, \u00bfno es cierto?<\/em><em>\u00a0<\/em><em>Estoy seguro de que empezar\u00edas a buscar informaci\u00f3n en Internet (poco espec\u00edfica y en ocasiones dif\u00edcil de entender) y a participar en ferias comerciales, lo cual implica una gran inversi\u00f3n econ\u00f3mica.<\/em><\/p>\n<p><em>El problema principal aqu\u00ed es que en la mayor parte de los casos la informaci\u00f3n que se obtiene crea solo una gran confusi\u00f3n y a veces conlleva p\u00e9rdidas importantes de tiempo y dinero, mientras que las ferias solo te har\u00e1n acumular muchas tarjetas de visita.\u00a0Ten en cuenta que ya de por s\u00ed la b\u00fasqueda de clientes potenciales es dif\u00edcil, a esto s\u00famale el hecho de que tendr\u00e1s que saber c\u00f3mo atraer a estos clientes en un mercado que no conoces, adem\u00e1s de los costos para llegar a \u00e9l, las relaciones con tus interlocutores y la obtenci\u00f3n de su confianza.<\/em><\/p>\n<p><em>En cambio, mi equipo y yo podemos ahorrarte toda esta parte del trabajo, que ya sabemos que es costosa y lenta, poniendo a tu disposici\u00f3n nuestra experiencia de m\u00e1s de veinticinco a\u00f1os. Llevamos a\u00f1os conociendo y trabajando con los clientes, sabemos cu\u00e1les son las figuras clave que se deben contactar, si tienen o no las capacidades financieras adecuadas y c\u00f3mo realizar las negociaciones comerciales. Ellos mismos nos conocen desde hace a\u00f1os, conf\u00edan en nosotros y saben lo que podemos ofrecerles.\u00a0En calidad de tu departamento de exportaci\u00f3n haremos que llegues DE INMEDIATO a los clientes y, al mismo tiempo, te permitiremos optimizar los recursos econ\u00f3micos de tu empresa y ahorrar dinero.\u00bb<\/em>[\/vc_column_text][\/vc_column][\/vc_row][vc_row type=\u00bbfull_width_background\u00bb full_screen_row_position=\u00bbmiddle\u00bb column_margin=\u00bbdefault\u00bb column_direction=\u00bbdefault\u00bb column_direction_tablet=\u00bbdefault\u00bb column_direction_phone=\u00bbdefault\u00bb bg_image=\u00bb328&#8243; bg_position=\u00bbcenter center\u00bb background_image_loading=\u00bbdefault\u00bb bg_repeat=\u00bbno-repeat\u00bb scene_position=\u00bbcenter\u00bb text_color=\u00bbdark\u00bb text_align=\u00bbleft\u00bb row_border_radius=\u00bbnone\u00bb row_border_radius_applies=\u00bbbg\u00bb overlay_strength=\u00bb0.3&#8243; gradient_direction=\u00bbleft_to_right\u00bb shape_divider_position=\u00bbbottom\u00bb bg_image_animation=\u00bbnone\u00bb shape_type=\u00bb\u00bb][vc_column column_padding=\u00bbno-extra-padding\u00bb column_padding_tablet=\u00bbinherit\u00bb column_padding_phone=\u00bbinherit\u00bb column_padding_position=\u00bball\u00bb column_element_spacing=\u00bbdefault\u00bb background_color_opacity=\u00bb1&#8243; background_hover_color_opacity=\u00bb1&#8243; column_shadow=\u00bbnone\u00bb column_border_radius=\u00bbnone\u00bb column_link_target=\u00bb_self\u00bb gradient_direction=\u00bbleft_to_right\u00bb overlay_strength=\u00bb0.3&#8243; width=\u00bb1\/4&#8243; tablet_width_inherit=\u00bbdefault\u00bb tablet_text_alignment=\u00bbdefault\u00bb phone_text_alignment=\u00bbdefault\u00bb bg_image_animation=\u00bbnone\u00bb border_type=\u00bbsimple\u00bb column_border_width=\u00bbnone\u00bb column_border_style=\u00bbsolid\u00bb offset=\u00bbvc_hidden-xs\u00bb][\/vc_column][vc_column column_padding=\u00bbno-extra-padding\u00bb column_padding_tablet=\u00bbinherit\u00bb column_padding_phone=\u00bbinherit\u00bb column_padding_position=\u00bball\u00bb column_element_spacing=\u00bbdefault\u00bb centered_text=\u00bbtrue\u00bb background_color_opacity=\u00bb1&#8243; background_hover_color_opacity=\u00bb1&#8243; column_shadow=\u00bbnone\u00bb column_border_radius=\u00bbnone\u00bb column_link_target=\u00bb_self\u00bb gradient_direction=\u00bbleft_to_right\u00bb overlay_strength=\u00bb0.3&#8243; width=\u00bb1\/2&#8243; tablet_width_inherit=\u00bbdefault\u00bb tablet_text_alignment=\u00bbdefault\u00bb phone_text_alignment=\u00bbdefault\u00bb bg_image_animation=\u00bbnone\u00bb border_type=\u00bbsimple\u00bb column_border_width=\u00bbnone\u00bb column_border_style=\u00bbsolid\u00bb offset=\u00bbvc_hidden-xs\u00bb][divider line_type=\u00bbNo Line\u00bb custom_height=\u00bb100&#8243; custom_height_tablet=\u00bb50&#8243; custom_height_phone=\u00bb0&#8243;][vc_column_text]\n<h1 style=\"text-align: center;\"><span style=\"color: #222d1c;\">Quieres incrementar tus ventas?<\/span><\/h1>\n[\/vc_column_text][vc_column_text]\n<h3 style=\"text-align: center;\"><span style=\"color: #557d1f;\">Empieza ahora!<\/span><\/h3>\n[\/vc_column_text][divider line_type=\u00bbNo Line\u00bb custom_height=\u00bb20&#8243; custom_height_tablet=\u00bb20&#8243; custom_height_phone=\u00bb20&#8243;][nectar_btn size=\u00bbjumbo\u00bb button_style=\u00bbregular\u00bb button_color_2=\u00bbAccent-Color\u00bb icon_family=\u00bbnone\u00bb text=\u00bbCONT\u00c1CTENOS\u00bb url=\u00bb\/es\/contactos\/\u00bb][divider line_type=\u00bbNo Line\u00bb custom_height=\u00bb180&#8243; custom_height_tablet=\u00bb80&#8243; custom_height_phone=\u00bb50&#8243;][\/vc_column][vc_column column_padding=\u00bbno-extra-padding\u00bb column_padding_tablet=\u00bbinherit\u00bb column_padding_phone=\u00bbinherit\u00bb column_padding_position=\u00bball\u00bb column_element_spacing=\u00bbdefault\u00bb background_color_opacity=\u00bb1&#8243; background_hover_color_opacity=\u00bb1&#8243; column_shadow=\u00bbnone\u00bb column_border_radius=\u00bbnone\u00bb column_link_target=\u00bb_self\u00bb gradient_direction=\u00bbleft_to_right\u00bb overlay_strength=\u00bb0.3&#8243; width=\u00bb1\/4&#8243; tablet_width_inherit=\u00bbdefault\u00bb tablet_text_alignment=\u00bbdefault\u00bb phone_text_alignment=\u00bbdefault\u00bb bg_image_animation=\u00bbnone\u00bb border_type=\u00bbsimple\u00bb column_border_width=\u00bbnone\u00bb column_border_style=\u00bbsolid\u00bb offset=\u00bbvc_hidden-xs\u00bb][\/vc_column][\/vc_row][vc_row type=\u00bbfull_width_background\u00bb full_screen_row_position=\u00bbmiddle\u00bb column_margin=\u00bbdefault\u00bb column_direction=\u00bbdefault\u00bb column_direction_tablet=\u00bbdefault\u00bb column_direction_phone=\u00bbdefault\u00bb bg_image=\u00bb328&#8243; bg_position=\u00bbright center\u00bb background_image_loading=\u00bbdefault\u00bb bg_repeat=\u00bbno-repeat\u00bb scene_position=\u00bbcenter\u00bb text_color=\u00bbdark\u00bb text_align=\u00bbleft\u00bb row_border_radius=\u00bbnone\u00bb row_border_radius_applies=\u00bbbg\u00bb overlay_strength=\u00bb0.3&#8243; gradient_direction=\u00bbleft_to_right\u00bb shape_divider_position=\u00bbbottom\u00bb bg_image_animation=\u00bbnone\u00bb shape_type=\u00bb\u00bb][vc_column column_padding=\u00bbno-extra-padding\u00bb column_padding_tablet=\u00bbinherit\u00bb column_padding_phone=\u00bbinherit\u00bb column_padding_position=\u00bball\u00bb column_element_spacing=\u00bbdefault\u00bb background_color_opacity=\u00bb1&#8243; background_hover_color_opacity=\u00bb1&#8243; column_shadow=\u00bbnone\u00bb column_border_radius=\u00bbnone\u00bb column_link_target=\u00bb_self\u00bb gradient_direction=\u00bbleft_to_right\u00bb overlay_strength=\u00bb0.3&#8243; width=\u00bb1\/4&#8243; tablet_width_inherit=\u00bbdefault\u00bb tablet_text_alignment=\u00bbdefault\u00bb phone_text_alignment=\u00bbdefault\u00bb bg_image_animation=\u00bbnone\u00bb border_type=\u00bbsimple\u00bb column_border_width=\u00bbnone\u00bb column_border_style=\u00bbsolid\u00bb][\/vc_column][vc_column column_padding=\u00bbno-extra-padding\u00bb column_padding_tablet=\u00bbinherit\u00bb column_padding_phone=\u00bbinherit\u00bb column_padding_position=\u00bball\u00bb column_element_spacing=\u00bbdefault\u00bb centered_text=\u00bbtrue\u00bb background_color_opacity=\u00bb1&#8243; background_hover_color_opacity=\u00bb1&#8243; column_shadow=\u00bbnone\u00bb column_border_radius=\u00bbnone\u00bb column_link_target=\u00bb_self\u00bb gradient_direction=\u00bbleft_to_right\u00bb overlay_strength=\u00bb0.3&#8243; width=\u00bb1\/2&#8243; tablet_width_inherit=\u00bbdefault\u00bb tablet_text_alignment=\u00bbdefault\u00bb phone_text_alignment=\u00bbdefault\u00bb bg_image_animation=\u00bbnone\u00bb border_type=\u00bbsimple\u00bb column_border_width=\u00bbnone\u00bb column_border_style=\u00bbsolid\u00bb offset=\u00bbvc_hidden-lg vc_hidden-md vc_hidden-sm\u00bb][divider line_type=\u00bbNo Line\u00bb custom_height=\u00bb100&#8243; custom_height_tablet=\u00bb50&#8243; custom_height_phone=\u00bb0&#8243;][vc_column_text]\n<h1 style=\"text-align: center;\"><span style=\"color: #222d1c;\">Quieres incrementar tus ventas?<\/span><\/h1>\n[\/vc_column_text][vc_column_text]\n<h3 style=\"text-align: center;\"><span style=\"color: #557d1f;\">Empieza ahora!<\/span><\/h3>\n[\/vc_column_text][divider line_type=\u00bbNo Line\u00bb custom_height=\u00bb20&#8243; custom_height_tablet=\u00bb20&#8243; custom_height_phone=\u00bb20&#8243;][nectar_btn size=\u00bbjumbo\u00bb button_style=\u00bbregular\u00bb button_color_2=\u00bbAccent-Color\u00bb icon_family=\u00bbnone\u00bb text=\u00bbCONT\u00c1CTENOS\u00bb url=\u00bb\/es\/contactos\/\u00bb][divider line_type=\u00bbNo Line\u00bb custom_height=\u00bb180&#8243; custom_height_tablet=\u00bb80&#8243; custom_height_phone=\u00bb50&#8243;][\/vc_column][vc_column column_padding=\u00bbno-extra-padding\u00bb column_padding_tablet=\u00bbinherit\u00bb column_padding_phone=\u00bbinherit\u00bb column_padding_position=\u00bball\u00bb column_element_spacing=\u00bbdefault\u00bb background_color_opacity=\u00bb1&#8243; background_hover_color_opacity=\u00bb1&#8243; column_shadow=\u00bbnone\u00bb column_border_radius=\u00bbnone\u00bb column_link_target=\u00bb_self\u00bb gradient_direction=\u00bbleft_to_right\u00bb overlay_strength=\u00bb0.3&#8243; width=\u00bb1\/4&#8243; tablet_width_inherit=\u00bbdefault\u00bb tablet_text_alignment=\u00bbdefault\u00bb phone_text_alignment=\u00bbdefault\u00bb bg_image_animation=\u00bbnone\u00bb border_type=\u00bbsimple\u00bb column_border_width=\u00bbnone\u00bb column_border_style=\u00bbsolid\u00bb][\/vc_column][\/vc_row]\n","protected":false},"excerpt":{"rendered":"<p>[vc_row type=\u00bbin_container\u00bb full_screen_row_position=\u00bbmiddle\u00bb column_margin=\u00bbdefault\u00bb column_direction=\u00bbdefault\u00bb column_direction_tablet=\u00bbdefault\u00bb column_direction_phone=\u00bbdefault\u00bb scene_position=\u00bbcenter\u00bb text_color=\u00bbdark\u00bb text_align=\u00bbleft\u00bb row_border_radius=\u00bbnone\u00bb row_border_radius_applies=\u00bbbg\u00bb overlay_strength=\u00bb0.3&#8243; gradient_direction=\u00bbleft_to_right\u00bb shape_divider_position=\u00bbbottom\u00bb bg_image_animation=\u00bbnone\u00bb][vc_column column_padding=\u00bbno-extra-padding\u00bb column_padding_tablet=\u00bbinherit\u00bb column_padding_phone=\u00bbinherit\u00bb column_padding_position=\u00bball\u00bb column_element_spacing=\u00bbdefault\u00bb background_color_opacity=\u00bb1&#8243; background_hover_color_opacity=\u00bb1&#8243; column_shadow=\u00bbnone\u00bb column_border_radius=\u00bbnone\u00bb column_link_target=\u00bb_self\u00bb gradient_direction=\u00bbleft_to_right\u00bb overlay_strength=\u00bb0.3&#8243; width=\u00bb1\/2&#8243; tablet_width_inherit=\u00bbdefault\u00bb&#8230;<\/p>\n","protected":false},"author":4,"featured_media":0,"parent":2734,"menu_order":0,"comment_status":"closed","ping_status":"closed","template":"","meta":{"content-type":""},"yoast_head":"<!-- This site is optimized with the Yoast SEO plugin v17.5 - https:\/\/yoast.com\/wordpress\/plugins\/seo\/ -->\n<title>Tu oficina de exportaci\u00f3n: asesor\u00eda comercial para fabricantes de maquinaria y equipos - Claudio Vignoli<\/title>\n<meta name=\"robots\" content=\"index, follow, max-snippet:-1, max-image-preview:large, max-video-preview:-1\" \/>\n<link rel=\"canonical\" href=\"https:\/\/claudiovignoli.com\/es\/asesoramiento-comercial-para-fabricantes-de-maquinaria-y-equipos\/oficina-de-exportacion-asesoria-comercial-para-fabricantes-maquinaria-equipos\/\" \/>\n<meta property=\"og:locale\" content=\"es_ES\" \/>\n<meta property=\"og:type\" content=\"article\" \/>\n<meta property=\"og:title\" content=\"Tu oficina de exportaci\u00f3n: asesor\u00eda comercial para fabricantes de maquinaria y equipos - Claudio Vignoli\" \/>\n<meta property=\"og:description\" content=\"[vc_row type=\u00bbin_container\u00bb full_screen_row_position=\u00bbmiddle\u00bb column_margin=\u00bbdefault\u00bb column_direction=\u00bbdefault\u00bb column_direction_tablet=\u00bbdefault\u00bb column_direction_phone=\u00bbdefault\u00bb scene_position=\u00bbcenter\u00bb text_color=\u00bbdark\u00bb text_align=\u00bbleft\u00bb row_border_radius=\u00bbnone\u00bb row_border_radius_applies=\u00bbbg\u00bb overlay_strength=\u00bb0.3&#8243; gradient_direction=\u00bbleft_to_right\u00bb shape_divider_position=\u00bbbottom\u00bb bg_image_animation=\u00bbnone\u00bb][vc_column column_padding=\u00bbno-extra-padding\u00bb column_padding_tablet=\u00bbinherit\u00bb column_padding_phone=\u00bbinherit\u00bb column_padding_position=\u00bball\u00bb column_element_spacing=\u00bbdefault\u00bb background_color_opacity=\u00bb1&#8243; background_hover_color_opacity=\u00bb1&#8243; column_shadow=\u00bbnone\u00bb column_border_radius=\u00bbnone\u00bb column_link_target=\u00bb_self\u00bb gradient_direction=\u00bbleft_to_right\u00bb overlay_strength=\u00bb0.3&#8243; width=\u00bb1\/2&#8243; tablet_width_inherit=\u00bbdefault\u00bb...\" \/>\n<meta property=\"og:url\" content=\"https:\/\/claudiovignoli.com\/es\/asesoramiento-comercial-para-fabricantes-de-maquinaria-y-equipos\/oficina-de-exportacion-asesoria-comercial-para-fabricantes-maquinaria-equipos\/\" \/>\n<meta property=\"og:site_name\" content=\"Claudio Vignoli\" \/>\n<meta property=\"article:modified_time\" content=\"2021-10-11T09:46:30+00:00\" \/>\n<meta name=\"twitter:card\" content=\"summary_large_image\" \/>\n<meta name=\"twitter:label1\" content=\"Tiempo de lectura\" \/>\n\t<meta name=\"twitter:data1\" content=\"3 minutos\" \/>\n<script type=\"application\/ld+json\" class=\"yoast-schema-graph\">{\"@context\":\"https:\/\/schema.org\",\"@graph\":[{\"@type\":\"WebSite\",\"@id\":\"https:\/\/claudiovignoli.com\/#website\",\"url\":\"https:\/\/claudiovignoli.com\/\",\"name\":\"Claudio Vignoli\",\"description\":\"\",\"potentialAction\":[{\"@type\":\"SearchAction\",\"target\":{\"@type\":\"EntryPoint\",\"urlTemplate\":\"https:\/\/claudiovignoli.com\/?s={search_term_string}\"},\"query-input\":\"required name=search_term_string\"}],\"inLanguage\":\"es\"},{\"@type\":\"WebPage\",\"@id\":\"https:\/\/claudiovignoli.com\/es\/asesoramiento-comercial-para-fabricantes-de-maquinaria-y-equipos\/oficina-de-exportacion-asesoria-comercial-para-fabricantes-maquinaria-equipos\/#webpage\",\"url\":\"https:\/\/claudiovignoli.com\/es\/asesoramiento-comercial-para-fabricantes-de-maquinaria-y-equipos\/oficina-de-exportacion-asesoria-comercial-para-fabricantes-maquinaria-equipos\/\",\"name\":\"Tu oficina de exportaci\\u00f3n: asesor\\u00eda comercial para fabricantes de maquinaria y equipos - Claudio Vignoli\",\"isPartOf\":{\"@id\":\"https:\/\/claudiovignoli.com\/#website\"},\"datePublished\":\"2021-06-28T09:00:15+00:00\",\"dateModified\":\"2021-10-11T09:46:30+00:00\",\"breadcrumb\":{\"@id\":\"https:\/\/claudiovignoli.com\/es\/asesoramiento-comercial-para-fabricantes-de-maquinaria-y-equipos\/oficina-de-exportacion-asesoria-comercial-para-fabricantes-maquinaria-equipos\/#breadcrumb\"},\"inLanguage\":\"es\",\"potentialAction\":[{\"@type\":\"ReadAction\",\"target\":[\"https:\/\/claudiovignoli.com\/es\/asesoramiento-comercial-para-fabricantes-de-maquinaria-y-equipos\/oficina-de-exportacion-asesoria-comercial-para-fabricantes-maquinaria-equipos\/\"]}]},{\"@type\":\"BreadcrumbList\",\"@id\":\"https:\/\/claudiovignoli.com\/es\/asesoramiento-comercial-para-fabricantes-de-maquinaria-y-equipos\/oficina-de-exportacion-asesoria-comercial-para-fabricantes-maquinaria-equipos\/#breadcrumb\",\"itemListElement\":[{\"@type\":\"ListItem\",\"position\":1,\"name\":\"Home\",\"item\":\"https:\/\/claudiovignoli.com\/es\/\"},{\"@type\":\"ListItem\",\"position\":2,\"name\":\"Asesoramiento comercial para fabricantes de maquinaria y equipos\",\"item\":\"https:\/\/claudiovignoli.com\/es\/asesoramiento-comercial-para-fabricantes-de-maquinaria-y-equipos\/\"},{\"@type\":\"ListItem\",\"position\":3,\"name\":\"Tu oficina de exportaci\\u00f3n: asesor\\u00eda comercial para fabricantes de maquinaria y equipos\"}]}]}<\/script>\n<!-- \/ Yoast SEO plugin. -->","yoast_head_json":{"title":"Tu oficina de exportaci\u00f3n: asesor\u00eda comercial para fabricantes de maquinaria y equipos - Claudio Vignoli","robots":{"index":"index","follow":"follow","max-snippet":"max-snippet:-1","max-image-preview":"max-image-preview:large","max-video-preview":"max-video-preview:-1"},"canonical":"https:\/\/claudiovignoli.com\/es\/asesoramiento-comercial-para-fabricantes-de-maquinaria-y-equipos\/oficina-de-exportacion-asesoria-comercial-para-fabricantes-maquinaria-equipos\/","og_locale":"es_ES","og_type":"article","og_title":"Tu oficina de exportaci\u00f3n: asesor\u00eda comercial para fabricantes de maquinaria y equipos - Claudio Vignoli","og_description":"[vc_row type=\u00bbin_container\u00bb full_screen_row_position=\u00bbmiddle\u00bb column_margin=\u00bbdefault\u00bb column_direction=\u00bbdefault\u00bb column_direction_tablet=\u00bbdefault\u00bb column_direction_phone=\u00bbdefault\u00bb scene_position=\u00bbcenter\u00bb text_color=\u00bbdark\u00bb text_align=\u00bbleft\u00bb row_border_radius=\u00bbnone\u00bb row_border_radius_applies=\u00bbbg\u00bb overlay_strength=\u00bb0.3&#8243; gradient_direction=\u00bbleft_to_right\u00bb shape_divider_position=\u00bbbottom\u00bb bg_image_animation=\u00bbnone\u00bb][vc_column column_padding=\u00bbno-extra-padding\u00bb column_padding_tablet=\u00bbinherit\u00bb column_padding_phone=\u00bbinherit\u00bb column_padding_position=\u00bball\u00bb column_element_spacing=\u00bbdefault\u00bb background_color_opacity=\u00bb1&#8243; background_hover_color_opacity=\u00bb1&#8243; column_shadow=\u00bbnone\u00bb column_border_radius=\u00bbnone\u00bb column_link_target=\u00bb_self\u00bb gradient_direction=\u00bbleft_to_right\u00bb overlay_strength=\u00bb0.3&#8243; width=\u00bb1\/2&#8243; tablet_width_inherit=\u00bbdefault\u00bb...","og_url":"https:\/\/claudiovignoli.com\/es\/asesoramiento-comercial-para-fabricantes-de-maquinaria-y-equipos\/oficina-de-exportacion-asesoria-comercial-para-fabricantes-maquinaria-equipos\/","og_site_name":"Claudio Vignoli","article_modified_time":"2021-10-11T09:46:30+00:00","twitter_card":"summary_large_image","twitter_misc":{"Tiempo de lectura":"3 minutos"},"schema":{"@context":"https:\/\/schema.org","@graph":[{"@type":"WebSite","@id":"https:\/\/claudiovignoli.com\/#website","url":"https:\/\/claudiovignoli.com\/","name":"Claudio Vignoli","description":"","potentialAction":[{"@type":"SearchAction","target":{"@type":"EntryPoint","urlTemplate":"https:\/\/claudiovignoli.com\/?s={search_term_string}"},"query-input":"required name=search_term_string"}],"inLanguage":"es"},{"@type":"WebPage","@id":"https:\/\/claudiovignoli.com\/es\/asesoramiento-comercial-para-fabricantes-de-maquinaria-y-equipos\/oficina-de-exportacion-asesoria-comercial-para-fabricantes-maquinaria-equipos\/#webpage","url":"https:\/\/claudiovignoli.com\/es\/asesoramiento-comercial-para-fabricantes-de-maquinaria-y-equipos\/oficina-de-exportacion-asesoria-comercial-para-fabricantes-maquinaria-equipos\/","name":"Tu oficina de exportaci\u00f3n: asesor\u00eda comercial para fabricantes de maquinaria y equipos - Claudio Vignoli","isPartOf":{"@id":"https:\/\/claudiovignoli.com\/#website"},"datePublished":"2021-06-28T09:00:15+00:00","dateModified":"2021-10-11T09:46:30+00:00","breadcrumb":{"@id":"https:\/\/claudiovignoli.com\/es\/asesoramiento-comercial-para-fabricantes-de-maquinaria-y-equipos\/oficina-de-exportacion-asesoria-comercial-para-fabricantes-maquinaria-equipos\/#breadcrumb"},"inLanguage":"es","potentialAction":[{"@type":"ReadAction","target":["https:\/\/claudiovignoli.com\/es\/asesoramiento-comercial-para-fabricantes-de-maquinaria-y-equipos\/oficina-de-exportacion-asesoria-comercial-para-fabricantes-maquinaria-equipos\/"]}]},{"@type":"BreadcrumbList","@id":"https:\/\/claudiovignoli.com\/es\/asesoramiento-comercial-para-fabricantes-de-maquinaria-y-equipos\/oficina-de-exportacion-asesoria-comercial-para-fabricantes-maquinaria-equipos\/#breadcrumb","itemListElement":[{"@type":"ListItem","position":1,"name":"Home","item":"https:\/\/claudiovignoli.com\/es\/"},{"@type":"ListItem","position":2,"name":"Asesoramiento comercial para fabricantes de maquinaria y equipos","item":"https:\/\/claudiovignoli.com\/es\/asesoramiento-comercial-para-fabricantes-de-maquinaria-y-equipos\/"},{"@type":"ListItem","position":3,"name":"Tu oficina de exportaci\u00f3n: asesor\u00eda comercial para fabricantes de maquinaria y equipos"}]}]}},"_links":{"self":[{"href":"https:\/\/claudiovignoli.com\/es\/wp-json\/wp\/v2\/pages\/2739"}],"collection":[{"href":"https:\/\/claudiovignoli.com\/es\/wp-json\/wp\/v2\/pages"}],"about":[{"href":"https:\/\/claudiovignoli.com\/es\/wp-json\/wp\/v2\/types\/page"}],"author":[{"embeddable":true,"href":"https:\/\/claudiovignoli.com\/es\/wp-json\/wp\/v2\/users\/4"}],"replies":[{"embeddable":true,"href":"https:\/\/claudiovignoli.com\/es\/wp-json\/wp\/v2\/comments?post=2739"}],"version-history":[{"count":6,"href":"https:\/\/claudiovignoli.com\/es\/wp-json\/wp\/v2\/pages\/2739\/revisions"}],"predecessor-version":[{"id":4584,"href":"https:\/\/claudiovignoli.com\/es\/wp-json\/wp\/v2\/pages\/2739\/revisions\/4584"}],"up":[{"embeddable":true,"href":"https:\/\/claudiovignoli.com\/es\/wp-json\/wp\/v2\/pages\/2734"}],"wp:attachment":[{"href":"https:\/\/claudiovignoli.com\/es\/wp-json\/wp\/v2\/media?parent=2739"}],"curies":[{"name":"wp","href":"https:\/\/api.w.org\/{rel}","templated":true}]}}