{"id":5262,"date":"2026-01-13T11:38:38","date_gmt":"2026-01-13T10:38:38","guid":{"rendered":"https:\/\/claudiovignoli.com\/?page_id=5262"},"modified":"2026-01-15T12:32:26","modified_gmt":"2026-01-15T11:32:26","slug":"area-de-privacidad","status":"publish","type":"page","link":"https:\/\/claudiovignoli.com\/es\/area-de-privacidad\/","title":{"rendered":"\u00c1rea de Privacidad"},"content":{"rendered":"[vc_row type=\u00bbin_container\u00bb full_screen_row_position=\u00bbmiddle\u00bb column_margin=\u00bbdefault\u00bb column_direction=\u00bbdefault\u00bb column_direction_tablet=\u00bbdefault\u00bb column_direction_phone=\u00bbdefault\u00bb scene_position=\u00bbcenter\u00bb text_color=\u00bbdark\u00bb text_align=\u00bbleft\u00bb row_border_radius=\u00bbnone\u00bb row_border_radius_applies=\u00bbbg\u00bb overlay_strength=\u00bb0.3&#8243; gradient_direction=\u00bbleft_to_right\u00bb shape_divider_position=\u00bbbottom\u00bb bg_image_animation=\u00bbnone\u00bb][vc_column column_padding=\u00bbno-extra-padding\u00bb column_padding_tablet=\u00bbinherit\u00bb column_padding_phone=\u00bbinherit\u00bb column_padding_position=\u00bball\u00bb column_element_spacing=\u00bbdefault\u00bb background_color_opacity=\u00bb1&#8243; background_hover_color_opacity=\u00bb1&#8243; column_shadow=\u00bbnone\u00bb column_border_radius=\u00bbnone\u00bb column_link_target=\u00bb_self\u00bb gradient_direction=\u00bbleft_to_right\u00bb overlay_strength=\u00bb0.3&#8243; width=\u00bb1\/6&#8243; tablet_width_inherit=\u00bbdefault\u00bb tablet_text_alignment=\u00bbdefault\u00bb phone_text_alignment=\u00bbdefault\u00bb bg_image_animation=\u00bbnone\u00bb border_type=\u00bbsimple\u00bb column_border_width=\u00bbnone\u00bb column_border_style=\u00bbsolid\u00bb][\/vc_column][vc_column column_padding=\u00bbno-extra-padding\u00bb column_padding_tablet=\u00bbinherit\u00bb column_padding_phone=\u00bbinherit\u00bb column_padding_position=\u00bball\u00bb column_element_spacing=\u00bbdefault\u00bb background_color_opacity=\u00bb1&#8243; background_hover_color_opacity=\u00bb1&#8243; column_shadow=\u00bbnone\u00bb column_border_radius=\u00bbnone\u00bb column_link_target=\u00bb_self\u00bb gradient_direction=\u00bbleft_to_right\u00bb overlay_strength=\u00bb0.3&#8243; width=\u00bb2\/3&#8243; tablet_width_inherit=\u00bbdefault\u00bb tablet_text_alignment=\u00bbdefault\u00bb phone_text_alignment=\u00bbdefault\u00bb bg_image_animation=\u00bbnone\u00bb border_type=\u00bbsimple\u00bb column_border_width=\u00bbnone\u00bb column_border_style=\u00bbsolid\u00bb][divider line_type=\u00bbNo Line\u00bb custom_height=\u00bb80&#8243; custom_height_phone=\u00bb0&#8243; custom_height_tablet=\u00bb0&#8243;][vc_column_text]\n<h1 style=\"text-align: center;\">\u00c1rea de Privacidad<\/h1>\n[\/vc_column_text][vc_column_text]\n<h3 style=\"text-align: center;\">Transparencia y protecci\u00f3n de tus datos<\/h3>\n[\/vc_column_text][divider line_type=\u00bbNo Line\u00bb custom_height=\u00bb20&#8243; custom_height_phone=\u00bb0&#8243; custom_height_tablet=\u00bb0&#8243;][vc_column_text]\n<p style=\"text-align: center;\">Nos comprometemos a proteger tu privacidad y a tratar tus datos personales de forma responsable y segura. En esta secci\u00f3n \u00e1rea de privacidad explicamos qu\u00e9 informaci\u00f3n recopilamos, con qu\u00e9 finalidad se utiliza y qu\u00e9 medidas adoptamos para garantizar su protecci\u00f3n, en cumplimiento de la normativa vigente.<\/p>\n[\/vc_column_text][\/vc_column][vc_column column_padding=\u00bbno-extra-padding\u00bb column_padding_tablet=\u00bbinherit\u00bb column_padding_phone=\u00bbinherit\u00bb column_padding_position=\u00bball\u00bb column_element_spacing=\u00bbdefault\u00bb background_color_opacity=\u00bb1&#8243; background_hover_color_opacity=\u00bb1&#8243; column_shadow=\u00bbnone\u00bb column_border_radius=\u00bbnone\u00bb column_link_target=\u00bb_self\u00bb gradient_direction=\u00bbleft_to_right\u00bb overlay_strength=\u00bb0.3&#8243; width=\u00bb1\/6&#8243; tablet_width_inherit=\u00bbdefault\u00bb tablet_text_alignment=\u00bbdefault\u00bb phone_text_alignment=\u00bbdefault\u00bb bg_image_animation=\u00bbnone\u00bb border_type=\u00bbsimple\u00bb column_border_width=\u00bbnone\u00bb column_border_style=\u00bbsolid\u00bb][\/vc_column][\/vc_row][vc_row type=\u00bbfull_width_background\u00bb full_screen_row_position=\u00bbmiddle\u00bb column_margin=\u00bbdefault\u00bb column_direction=\u00bbdefault\u00bb column_direction_tablet=\u00bbdefault\u00bb column_direction_phone=\u00bbdefault\u00bb bg_color=\u00bb#ffffff\u00bb scene_position=\u00bbcenter\u00bb text_color=\u00bbdark\u00bb text_align=\u00bbleft\u00bb row_border_radius=\u00bbnone\u00bb row_border_radius_applies=\u00bbbg\u00bb overlay_strength=\u00bb0.3&#8243; gradient_direction=\u00bbleft_to_right\u00bb shape_divider_position=\u00bbbottom\u00bb bg_image_animation=\u00bbnone\u00bb shape_type=\u00bb\u00bb][vc_column column_padding=\u00bbno-extra-padding\u00bb column_padding_tablet=\u00bbinherit\u00bb column_padding_phone=\u00bbinherit\u00bb column_padding_position=\u00bball\u00bb column_element_spacing=\u00bb0px\u00bb background_color_opacity=\u00bb1&#8243; background_hover_color_opacity=\u00bb1&#8243; column_shadow=\u00bbnone\u00bb column_border_radius=\u00bbnone\u00bb column_link_target=\u00bb_self\u00bb gradient_direction=\u00bbleft_to_right\u00bb overlay_strength=\u00bb0.3&#8243; width=\u00bb1\/1&#8243; tablet_width_inherit=\u00bbdefault\u00bb tablet_text_alignment=\u00bbdefault\u00bb phone_text_alignment=\u00bbdefault\u00bb bg_image_animation=\u00bbnone\u00bb border_type=\u00bbsimple\u00bb column_border_width=\u00bbnone\u00bb column_border_style=\u00bbsolid\u00bb][vc_row_inner equal_height=\u00bbyes\u00bb column_margin=\u00bbnone\u00bb column_direction=\u00bbdefault\u00bb column_direction_tablet=\u00bbdefault\u00bb column_direction_phone=\u00bbdefault\u00bb text_align=\u00bbleft\u00bb][vc_column_inner column_padding=\u00bbpadding-5-percent\u00bb column_padding_tablet=\u00bbinherit\u00bb column_padding_phone=\u00bbinherit\u00bb column_padding_position=\u00bball\u00bb column_element_spacing=\u00bbdefault\u00bb centered_text=\u00bbtrue\u00bb background_color_opacity=\u00bb1&#8243; background_hover_color_opacity=\u00bb1&#8243; column_shadow=\u00bbnone\u00bb column_border_radius=\u00bbnone\u00bb column_link_target=\u00bb_self\u00bb gradient_direction=\u00bbleft_to_right\u00bb overlay_strength=\u00bb0.3&#8243; width=\u00bb1\/2&#8243; tablet_width_inherit=\u00bbdefault\u00bb bg_image_animation=\u00bbnone\u00bb enable_animation=\u00bbtrue\u00bb animation=\u00bbfade-in\u00bb border_type=\u00bbsimple\u00bb column_border_width=\u00bb1px\u00bb column_border_color=\u00bbrgba(85,125,31,0.3)\u00bb column_border_style=\u00bbsolid\u00bb delay=\u00bb150&#8243;][vc_column_text css=\u00bb.vc_custom_1768476652990{margin-bottom: 30px !important;}\u00bb]\n<h3><strong class=\"Yjhzub\">Presupuesto<\/strong><\/h3>\n<h4>Aviso de privacidad<\/h4>\n<p>descargar <a href=\"https:\/\/claudiovignoli.com\/wp-content\/uploads\/2026\/01\/INFOMATIVA-PREVENTIVI-con-newsletter-inglese-sito.pdf\">aqui<\/a>[\/vc_column_text][\/vc_column_inner][vc_column_inner column_padding=\u00bbpadding-5-percent\u00bb column_padding_tablet=\u00bbinherit\u00bb column_padding_phone=\u00bbinherit\u00bb column_padding_position=\u00bball\u00bb column_element_spacing=\u00bbdefault\u00bb centered_text=\u00bbtrue\u00bb background_color_opacity=\u00bb1&#8243; background_hover_color_opacity=\u00bb1&#8243; column_shadow=\u00bbnone\u00bb column_border_radius=\u00bbnone\u00bb column_link_target=\u00bb_self\u00bb gradient_direction=\u00bbleft_to_right\u00bb overlay_strength=\u00bb0.3&#8243; width=\u00bb1\/2&#8243; tablet_width_inherit=\u00bbdefault\u00bb bg_image_animation=\u00bbnone\u00bb enable_animation=\u00bbtrue\u00bb animation=\u00bbfade-in\u00bb border_type=\u00bbsimple\u00bb column_border_width=\u00bb1px\u00bb column_border_color=\u00bbrgba(85,125,31,0.3)\u00bb column_border_style=\u00bbsolid\u00bb delay=\u00bb300&#8243;][vc_column_text css=\u00bb.vc_custom_1768476638899{margin-bottom: 30px !important;}\u00bb]\n<h3 id=\"_JSBmaY_WEtD87_UPk_CvqQw_45\" class=\"LC20lb MBeuO DKV0Md\">\u00d3rdenes<\/h3>\n<h4>Aviso de privacidad<\/h4>\n<p>descargar <a href=\"https:\/\/claudiovignoli.com\/wp-content\/uploads\/2026\/01\/INFORMATIVA-ORDINI-con-NEWSLETTER-inglese-sito.pdf\">aqui<\/a>[\/vc_column_text][\/vc_column_inner][\/vc_row_inner][vc_row_inner equal_height=\u00bbyes\u00bb column_margin=\u00bbnone\u00bb column_direction=\u00bbdefault\u00bb column_direction_tablet=\u00bbdefault\u00bb column_direction_phone=\u00bbdefault\u00bb text_align=\u00bbleft\u00bb][vc_column_inner column_padding=\u00bbpadding-5-percent\u00bb column_padding_tablet=\u00bbinherit\u00bb column_padding_phone=\u00bbinherit\u00bb column_padding_position=\u00bball\u00bb column_element_spacing=\u00bbdefault\u00bb centered_text=\u00bbtrue\u00bb background_color_opacity=\u00bb1&#8243; background_hover_color_opacity=\u00bb1&#8243; column_shadow=\u00bbnone\u00bb column_border_radius=\u00bbnone\u00bb column_link_target=\u00bb_self\u00bb gradient_direction=\u00bbleft_to_right\u00bb overlay_strength=\u00bb0.3&#8243; width=\u00bb1\/2&#8243; tablet_width_inherit=\u00bbdefault\u00bb bg_image_animation=\u00bbnone\u00bb enable_animation=\u00bbtrue\u00bb animation=\u00bbfade-in\u00bb border_type=\u00bbsimple\u00bb column_border_width=\u00bb1px\u00bb column_border_color=\u00bbrgba(85,125,31,0.3)\u00bb column_border_style=\u00bbsolid\u00bb][vc_column_text css=\u00bb.vc_custom_1768476624045{margin-bottom: 30px !important;}\u00bb]\n<h3>Clientes<\/h3>\n<h4>Aviso de privacidad<\/h4>\n<p>descargar <a href=\"https:\/\/claudiovignoli.com\/wp-content\/uploads\/2026\/01\/INFORMATIVA-CLIENTI-con-newsletter-inglese-sito.pdf\">aqui<\/a>[\/vc_column_text][\/vc_column_inner][vc_column_inner column_padding=\u00bbpadding-5-percent\u00bb column_padding_tablet=\u00bbinherit\u00bb column_padding_phone=\u00bbinherit\u00bb column_padding_position=\u00bball\u00bb column_element_spacing=\u00bbdefault\u00bb centered_text=\u00bbtrue\u00bb background_color_opacity=\u00bb1&#8243; background_hover_color_opacity=\u00bb1&#8243; column_shadow=\u00bbnone\u00bb column_border_radius=\u00bbnone\u00bb column_link_target=\u00bb_self\u00bb gradient_direction=\u00bbleft_to_right\u00bb overlay_strength=\u00bb0.3&#8243; width=\u00bb1\/2&#8243; tablet_width_inherit=\u00bbdefault\u00bb bg_image_animation=\u00bbnone\u00bb enable_animation=\u00bbtrue\u00bb animation=\u00bbfade-in\u00bb border_type=\u00bbsimple\u00bb column_border_width=\u00bb1px\u00bb column_border_color=\u00bbrgba(85,125,31,0.3)\u00bb column_border_style=\u00bbsolid\u00bb delay=\u00bb150&#8243;][vc_column_text css=\u00bb.vc_custom_1768476609806{margin-bottom: 30px !important;}\u00bb]\n<h3>Comercio y Eventos<\/h3>\n<h4>Aviso de privacidad<\/h4>\n<p>descargar <a href=\"https:\/\/claudiovignoli.com\/wp-content\/uploads\/2026\/01\/INFORMATIVA-FIERA-inglese-sito.pdf\">aqui<\/a>[\/vc_column_text][\/vc_column_inner][\/vc_row_inner][\/vc_column][\/vc_row]\n","protected":false},"excerpt":{"rendered":"<p>[vc_row type=\u00bbin_container\u00bb full_screen_row_position=\u00bbmiddle\u00bb column_margin=\u00bbdefault\u00bb column_direction=\u00bbdefault\u00bb column_direction_tablet=\u00bbdefault\u00bb column_direction_phone=\u00bbdefault\u00bb scene_position=\u00bbcenter\u00bb text_color=\u00bbdark\u00bb text_align=\u00bbleft\u00bb row_border_radius=\u00bbnone\u00bb row_border_radius_applies=\u00bbbg\u00bb overlay_strength=\u00bb0.3&#8243; gradient_direction=\u00bbleft_to_right\u00bb shape_divider_position=\u00bbbottom\u00bb bg_image_animation=\u00bbnone\u00bb][vc_column column_padding=\u00bbno-extra-padding\u00bb column_padding_tablet=\u00bbinherit\u00bb column_padding_phone=\u00bbinherit\u00bb column_padding_position=\u00bball\u00bb column_element_spacing=\u00bbdefault\u00bb background_color_opacity=\u00bb1&#8243; background_hover_color_opacity=\u00bb1&#8243; column_shadow=\u00bbnone\u00bb column_border_radius=\u00bbnone\u00bb column_link_target=\u00bb_self\u00bb gradient_direction=\u00bbleft_to_right\u00bb overlay_strength=\u00bb0.3&#8243; width=\u00bb1\/6&#8243; tablet_width_inherit=\u00bbdefault\u00bb&#8230;<\/p>\n","protected":false},"author":4,"featured_media":0,"parent":0,"menu_order":0,"comment_status":"closed","ping_status":"closed","template":"","meta":{"content-type":""},"yoast_head":"<!-- This site is optimized with the Yoast SEO plugin v17.5 - https:\/\/yoast.com\/wordpress\/plugins\/seo\/ -->\n<title>\u00c1rea de Privacidad - Claudio Vignoli<\/title>\n<meta name=\"description\" content=\"Nos comprometemos a proteger tu privacidad y a tratar tus datos personales de forma responsable y segura. En esta secci\u00f3n \u00e1rea de privacidad explicamos qu\u00e9 informaci\u00f3n recopilamos, con qu\u00e9 finalidad se utiliza y qu\u00e9 medidas adoptamos para garantizar su protecci\u00f3n, en cumplimiento de la normativa vigente.\" \/>\n<meta name=\"robots\" content=\"index, follow, max-snippet:-1, max-image-preview:large, max-video-preview:-1\" \/>\n<link rel=\"canonical\" href=\"https:\/\/claudiovignoli.com\/es\/area-de-privacidad\/\" \/>\n<meta property=\"og:locale\" content=\"es_ES\" \/>\n<meta property=\"og:type\" content=\"article\" \/>\n<meta property=\"og:title\" content=\"\u00c1rea de Privacidad - Claudio Vignoli\" \/>\n<meta property=\"og:description\" content=\"Nos comprometemos a proteger tu privacidad y a tratar tus datos personales de forma responsable y segura. En esta secci\u00f3n \u00e1rea de privacidad explicamos qu\u00e9 informaci\u00f3n recopilamos, con qu\u00e9 finalidad se utiliza y qu\u00e9 medidas adoptamos para garantizar su protecci\u00f3n, en cumplimiento de la normativa vigente.\" \/>\n<meta property=\"og:url\" content=\"https:\/\/claudiovignoli.com\/es\/area-de-privacidad\/\" \/>\n<meta property=\"og:site_name\" content=\"Claudio Vignoli\" \/>\n<meta property=\"article:modified_time\" content=\"2026-01-15T11:32:26+00:00\" \/>\n<meta name=\"twitter:card\" content=\"summary_large_image\" \/>\n<meta name=\"twitter:label1\" content=\"Tiempo de lectura\" \/>\n\t<meta name=\"twitter:data1\" content=\"2 minutos\" \/>\n<script type=\"application\/ld+json\" class=\"yoast-schema-graph\">{\"@context\":\"https:\/\/schema.org\",\"@graph\":[{\"@type\":\"WebSite\",\"@id\":\"https:\/\/claudiovignoli.com\/#website\",\"url\":\"https:\/\/claudiovignoli.com\/\",\"name\":\"Claudio Vignoli\",\"description\":\"\",\"potentialAction\":[{\"@type\":\"SearchAction\",\"target\":{\"@type\":\"EntryPoint\",\"urlTemplate\":\"https:\/\/claudiovignoli.com\/?s={search_term_string}\"},\"query-input\":\"required name=search_term_string\"}],\"inLanguage\":\"es\"},{\"@type\":\"WebPage\",\"@id\":\"https:\/\/claudiovignoli.com\/es\/area-de-privacidad\/#webpage\",\"url\":\"https:\/\/claudiovignoli.com\/es\/area-de-privacidad\/\",\"name\":\"\\u00c1rea de Privacidad - Claudio Vignoli\",\"isPartOf\":{\"@id\":\"https:\/\/claudiovignoli.com\/#website\"},\"datePublished\":\"2026-01-13T10:38:38+00:00\",\"dateModified\":\"2026-01-15T11:32:26+00:00\",\"description\":\"Nos comprometemos a proteger tu privacidad y a tratar tus datos personales de forma responsable y segura. En esta secci\\u00f3n \\u00e1rea de privacidad explicamos qu\\u00e9 informaci\\u00f3n recopilamos, con qu\\u00e9 finalidad se utiliza y qu\\u00e9 medidas adoptamos para garantizar su protecci\\u00f3n, en cumplimiento de la normativa vigente.\",\"breadcrumb\":{\"@id\":\"https:\/\/claudiovignoli.com\/es\/area-de-privacidad\/#breadcrumb\"},\"inLanguage\":\"es\",\"potentialAction\":[{\"@type\":\"ReadAction\",\"target\":[\"https:\/\/claudiovignoli.com\/es\/area-de-privacidad\/\"]}]},{\"@type\":\"BreadcrumbList\",\"@id\":\"https:\/\/claudiovignoli.com\/es\/area-de-privacidad\/#breadcrumb\",\"itemListElement\":[{\"@type\":\"ListItem\",\"position\":1,\"name\":\"Home\",\"item\":\"https:\/\/claudiovignoli.com\/es\/\"},{\"@type\":\"ListItem\",\"position\":2,\"name\":\"\\u00c1rea de Privacidad\"}]}]}<\/script>\n<!-- \/ Yoast SEO plugin. -->","yoast_head_json":{"title":"\u00c1rea de Privacidad - Claudio Vignoli","description":"Nos comprometemos a proteger tu privacidad y a tratar tus datos personales de forma responsable y segura. En esta secci\u00f3n \u00e1rea de privacidad explicamos qu\u00e9 informaci\u00f3n recopilamos, con qu\u00e9 finalidad se utiliza y qu\u00e9 medidas adoptamos para garantizar su protecci\u00f3n, en cumplimiento de la normativa vigente.","robots":{"index":"index","follow":"follow","max-snippet":"max-snippet:-1","max-image-preview":"max-image-preview:large","max-video-preview":"max-video-preview:-1"},"canonical":"https:\/\/claudiovignoli.com\/es\/area-de-privacidad\/","og_locale":"es_ES","og_type":"article","og_title":"\u00c1rea de Privacidad - Claudio Vignoli","og_description":"Nos comprometemos a proteger tu privacidad y a tratar tus datos personales de forma responsable y segura. En esta secci\u00f3n \u00e1rea de privacidad explicamos qu\u00e9 informaci\u00f3n recopilamos, con qu\u00e9 finalidad se utiliza y qu\u00e9 medidas adoptamos para garantizar su protecci\u00f3n, en cumplimiento de la normativa vigente.","og_url":"https:\/\/claudiovignoli.com\/es\/area-de-privacidad\/","og_site_name":"Claudio Vignoli","article_modified_time":"2026-01-15T11:32:26+00:00","twitter_card":"summary_large_image","twitter_misc":{"Tiempo de lectura":"2 minutos"},"schema":{"@context":"https:\/\/schema.org","@graph":[{"@type":"WebSite","@id":"https:\/\/claudiovignoli.com\/#website","url":"https:\/\/claudiovignoli.com\/","name":"Claudio Vignoli","description":"","potentialAction":[{"@type":"SearchAction","target":{"@type":"EntryPoint","urlTemplate":"https:\/\/claudiovignoli.com\/?s={search_term_string}"},"query-input":"required name=search_term_string"}],"inLanguage":"es"},{"@type":"WebPage","@id":"https:\/\/claudiovignoli.com\/es\/area-de-privacidad\/#webpage","url":"https:\/\/claudiovignoli.com\/es\/area-de-privacidad\/","name":"\u00c1rea de Privacidad - Claudio Vignoli","isPartOf":{"@id":"https:\/\/claudiovignoli.com\/#website"},"datePublished":"2026-01-13T10:38:38+00:00","dateModified":"2026-01-15T11:32:26+00:00","description":"Nos comprometemos a proteger tu privacidad y a tratar tus datos personales de forma responsable y segura. En esta secci\u00f3n \u00e1rea de privacidad explicamos qu\u00e9 informaci\u00f3n recopilamos, con qu\u00e9 finalidad se utiliza y qu\u00e9 medidas adoptamos para garantizar su protecci\u00f3n, en cumplimiento de la normativa vigente.","breadcrumb":{"@id":"https:\/\/claudiovignoli.com\/es\/area-de-privacidad\/#breadcrumb"},"inLanguage":"es","potentialAction":[{"@type":"ReadAction","target":["https:\/\/claudiovignoli.com\/es\/area-de-privacidad\/"]}]},{"@type":"BreadcrumbList","@id":"https:\/\/claudiovignoli.com\/es\/area-de-privacidad\/#breadcrumb","itemListElement":[{"@type":"ListItem","position":1,"name":"Home","item":"https:\/\/claudiovignoli.com\/es\/"},{"@type":"ListItem","position":2,"name":"\u00c1rea de Privacidad"}]}]}},"_links":{"self":[{"href":"https:\/\/claudiovignoli.com\/es\/wp-json\/wp\/v2\/pages\/5262"}],"collection":[{"href":"https:\/\/claudiovignoli.com\/es\/wp-json\/wp\/v2\/pages"}],"about":[{"href":"https:\/\/claudiovignoli.com\/es\/wp-json\/wp\/v2\/types\/page"}],"author":[{"embeddable":true,"href":"https:\/\/claudiovignoli.com\/es\/wp-json\/wp\/v2\/users\/4"}],"replies":[{"embeddable":true,"href":"https:\/\/claudiovignoli.com\/es\/wp-json\/wp\/v2\/comments?post=5262"}],"version-history":[{"count":7,"href":"https:\/\/claudiovignoli.com\/es\/wp-json\/wp\/v2\/pages\/5262\/revisions"}],"predecessor-version":[{"id":5331,"href":"https:\/\/claudiovignoli.com\/es\/wp-json\/wp\/v2\/pages\/5262\/revisions\/5331"}],"wp:attachment":[{"href":"https:\/\/claudiovignoli.com\/es\/wp-json\/wp\/v2\/media?parent=5262"}],"curies":[{"name":"wp","href":"https:\/\/api.w.org\/{rel}","templated":true}]}}